{"id":578,"date":"2024-01-15T22:17:43","date_gmt":"2024-01-15T21:17:43","guid":{"rendered":"https:\/\/nasicki-ribnjaci.hr\/?page_id=578"},"modified":"2024-03-24T19:20:05","modified_gmt":"2024-03-24T18:20:05","slug":"pansion","status":"publish","type":"page","link":"https:\/\/nasicki-ribnjaci.hr\/en\/pansion\/","title":{"rendered":"Guesthouse"},"content":{"rendered":"<div data-elementor-type=\"wp-page\" data-elementor-id=\"578\" class=\"elementor elementor-578\">\n\t\t\t\t<div class=\"elementor-element elementor-element-9139265 e-flex e-con-boxed e-con e-parent\" data-id=\"9139265\" data-element_type=\"container\" data-e-type=\"container\" data-settings=\"{&quot;background_background&quot;:&quot;gradient&quot;}\">\n\t\t\t\t\t<div class=\"e-con-inner\">\n\t\t\t\t\t<\/div>\n\t\t\t\t<\/div>\n\t\t<div class=\"elementor-element elementor-element-d630b47 e-flex e-con-boxed e-con e-parent\" data-id=\"d630b47\" data-element_type=\"container\" data-e-type=\"container\">\n\t\t\t\t\t<div class=\"e-con-inner\">\n\t\t<div class=\"elementor-element elementor-element-de5e89a e-flex e-con-boxed e-con e-child\" data-id=\"de5e89a\" data-element_type=\"container\" data-e-type=\"container\" data-settings=\"{&quot;background_background&quot;:&quot;classic&quot;}\">\n\t\t\t\t\t<div class=\"e-con-inner\">\n\t\t<div class=\"elementor-element elementor-element-3a01c46 e-flex e-con-boxed e-con e-child\" data-id=\"3a01c46\" data-element_type=\"container\" data-e-type=\"container\" data-settings=\"{&quot;background_background&quot;:&quot;classic&quot;}\">\n\t\t\t\t\t<div class=\"e-con-inner\">\n\t\t\t\t<div class=\"elementor-element elementor-element-065e3fc elementor-widget elementor-widget-heading\" data-id=\"065e3fc\" data-element_type=\"widget\" data-e-type=\"widget\" data-widget_type=\"heading.default\">\n\t\t\t\t<div class=\"elementor-widget-container\">\n\t\t\t\t\t<h3 class=\"elementor-heading-title elementor-size-default\">Guesthouse<\/h3>\t\t\t\t<\/div>\n\t\t\t\t<\/div>\n\t\t\t\t<div class=\"elementor-element elementor-element-c939a7a elementor-widget elementor-widget-text-editor\" data-id=\"c939a7a\" data-element_type=\"widget\" data-e-type=\"widget\" data-widget_type=\"text-editor.default\">\n\t\t\t\t<div class=\"elementor-widget-container\">\n\t\t\t\t\t\t\t\t\t<p><i>...Where Slavonian Forests Meet the Water...<\/i><\/p>\t\t\t\t\t\t\t\t<\/div>\n\t\t\t\t<\/div>\n\t\t\t\t\t<\/div>\n\t\t\t\t<\/div>\n\t\t\t\t\t<\/div>\n\t\t\t\t<\/div>\n\t\t\t\t<div class=\"elementor-element elementor-element-49d18b3 elementor-widget-divider--separator-type-pattern elementor-widget-divider--view-line elementor-widget elementor-widget-divider\" data-id=\"49d18b3\" data-element_type=\"widget\" data-e-type=\"widget\" data-widget_type=\"divider.default\">\n\t\t\t\t<div class=\"elementor-widget-container\">\n\t\t\t\t\t\t\t<div class=\"elementor-divider\" style=\"--divider-pattern-url: url(&quot;data:image\/svg+xml,%3Csvg xmlns=&#039;http:\/\/www.w3.org\/2000\/svg&#039; preserveAspectRatio=&#039;none&#039; overflow=&#039;visible&#039; height=&#039;100%&#039; viewBox=&#039;0 0 24 24&#039; fill=&#039;none&#039; stroke=&#039;black&#039; stroke-width=&#039;1&#039; stroke-linecap=&#039;square&#039; stroke-miterlimit=&#039;10&#039;%3E%3Cpath d=&#039;M0,6c6,0,6,13,12,13S18,6,24,6&#039;\/%3E%3C\/svg%3E&quot;);\">\n\t\t\t<span class=\"elementor-divider-separator\">\n\t\t\t\t\t\t<\/span>\n\t\t<\/div>\n\t\t\t\t\t\t<\/div>\n\t\t\t\t<\/div>\n\t\t\t\t\t<\/div>\n\t\t\t\t<\/div>\n\t\t<div class=\"elementor-element elementor-element-b4afe51 e-flex e-con-boxed e-con e-parent\" data-id=\"b4afe51\" data-element_type=\"container\" data-e-type=\"container\">\n\t\t\t\t\t<div class=\"e-con-inner\">\n\t\t<div class=\"elementor-element elementor-element-815361e e-flex e-con-boxed e-con e-child\" data-id=\"815361e\" data-element_type=\"container\" data-e-type=\"container\" data-settings=\"{&quot;background_background&quot;:&quot;classic&quot;}\">\n\t\t\t\t\t<div class=\"e-con-inner\">\n\t\t\t\t<div class=\"elementor-element elementor-element-4021ae0 elementor-widget elementor-widget-text-editor\" data-id=\"4021ae0\" data-element_type=\"widget\" data-e-type=\"widget\" data-widget_type=\"text-editor.default\">\n\t\t\t\t<div class=\"elementor-widget-container\">\n\t\t\t\t\t\t\t\t\t<p style=\"text-align: left;\">Located near Na\u0161ice, close to the fishponds in Lila, Pansion Ribnjak offers premium accommodation for relaxation, hunting, conferences, and team-building events. Guests can also enjoy top-notch cuisine, with a focus on fish delicacies, as well as traditional Slavonian and international dishes.<br \/>In addition to affordable accommodation and delicious food, Pansion Ribnjak also offers a variety of sports facilities \u2013 from tennis and bocce courts to football fields with artificial turf. For our youngest guests, there's a dedicated children\u2019s playground located in the garden.<\/p>\t\t\t\t\t\t\t\t<\/div>\n\t\t\t\t<\/div>\n\t\t\t\t<div class=\"elementor-element elementor-element-74ee5b6 gallery-spacing-custom elementor-widget elementor-widget-image-gallery\" data-id=\"74ee5b6\" data-element_type=\"widget\" data-e-type=\"widget\" data-widget_type=\"image-gallery.default\">\n\t\t\t\t<div class=\"elementor-widget-container\">\n\t\t\t\t\t\t\t<div class=\"elementor-image-gallery\">\n\t\t\t<div id='gallery-1' class='gallery galleryid-578 gallery-columns-3 gallery-size-large'><figure class='gallery-item'>\n\t\t\t<div class='gallery-icon portrait'>\n\t\t\t\t<a data-elementor-open-lightbox=\"yes\" data-elementor-lightbox-slideshow=\"74ee5b6\" data-elementor-lightbox-title=\"Pansion Ribnjak\" data-e-action-hash=\"#elementor-action%3Aaction%3Dlightbox%26settings%3DeyJpZCI6Nzk0LCJ1cmwiOiJodHRwczpcL1wvbmFzaWNraS1yaWJuamFjaS5oclwvd3AtY29udGVudFwvdXBsb2Fkc1wvMjAyNFwvMDFcL0lNR180ODY1LXVhaS0zOTl4NTMzLTIuanBnIiwic2xpZGVzaG93IjoiNzRlZTViNiJ9\" href='https:\/\/nasicki-ribnjaci.hr\/wp-content\/uploads\/2024\/01\/IMG_4865-uai-399x533-2.jpg'><img fetchpriority=\"high\" decoding=\"async\" width=\"399\" height=\"533\" src=\"https:\/\/nasicki-ribnjaci.hr\/wp-content\/uploads\/2024\/01\/IMG_4865-uai-399x533-2.jpg\" class=\"attachment-large size-large\" alt=\"Pansion Ribnjak sobe\" srcset=\"https:\/\/nasicki-ribnjaci.hr\/wp-content\/uploads\/2024\/01\/IMG_4865-uai-399x533-2.jpg 399w, https:\/\/nasicki-ribnjaci.hr\/wp-content\/uploads\/2024\/01\/IMG_4865-uai-399x533-2-225x300.jpg 225w\" sizes=\"(max-width: 399px) 100vw, 399px\" \/><\/a>\n\t\t\t<\/div><\/figure><figure class='gallery-item'>\n\t\t\t<div class='gallery-icon portrait'>\n\t\t\t\t<a data-elementor-open-lightbox=\"yes\" data-elementor-lightbox-slideshow=\"74ee5b6\" data-elementor-lightbox-title=\"Pansion Ribnjak\" data-e-action-hash=\"#elementor-action%3Aaction%3Dlightbox%26settings%3DeyJpZCI6Nzk1LCJ1cmwiOiJodHRwczpcL1wvbmFzaWNraS1yaWJuamFjaS5oclwvd3AtY29udGVudFwvdXBsb2Fkc1wvMjAyNFwvMDFcL0lNR180ODgwLXVhaS0zOTl4NTMzLTIuanBnIiwic2xpZGVzaG93IjoiNzRlZTViNiJ9\" href='https:\/\/nasicki-ribnjaci.hr\/wp-content\/uploads\/2024\/01\/IMG_4880-uai-399x533-2.jpg'><img decoding=\"async\" width=\"399\" height=\"533\" src=\"https:\/\/nasicki-ribnjaci.hr\/wp-content\/uploads\/2024\/01\/IMG_4880-uai-399x533-2.jpg\" class=\"attachment-large size-large\" alt=\"Pansion Ribnjak sobe\" srcset=\"https:\/\/nasicki-ribnjaci.hr\/wp-content\/uploads\/2024\/01\/IMG_4880-uai-399x533-2.jpg 399w, https:\/\/nasicki-ribnjaci.hr\/wp-content\/uploads\/2024\/01\/IMG_4880-uai-399x533-2-225x300.jpg 225w\" sizes=\"(max-width: 399px) 100vw, 399px\" \/><\/a>\n\t\t\t<\/div><\/figure><figure class='gallery-item'>\n\t\t\t<div class='gallery-icon portrait'>\n\t\t\t\t<a data-elementor-open-lightbox=\"yes\" data-elementor-lightbox-slideshow=\"74ee5b6\" data-elementor-lightbox-title=\"Pansion Ribnjak\" data-e-action-hash=\"#elementor-action%3Aaction%3Dlightbox%26settings%3DeyJpZCI6Nzk2LCJ1cmwiOiJodHRwczpcL1wvbmFzaWNraS1yaWJuamFjaS5oclwvd3AtY29udGVudFwvdXBsb2Fkc1wvMjAyNFwvMDFcL0lNR180OTE2LXVhaS0zOTl4NTMzLTIuanBnIiwic2xpZGVzaG93IjoiNzRlZTViNiJ9\" href='https:\/\/nasicki-ribnjaci.hr\/wp-content\/uploads\/2024\/01\/IMG_4916-uai-399x533-2.jpg'><img decoding=\"async\" width=\"399\" height=\"533\" src=\"https:\/\/nasicki-ribnjaci.hr\/wp-content\/uploads\/2024\/01\/IMG_4916-uai-399x533-2.jpg\" class=\"attachment-large size-large\" alt=\"Pansion Ribnjak sobe\" srcset=\"https:\/\/nasicki-ribnjaci.hr\/wp-content\/uploads\/2024\/01\/IMG_4916-uai-399x533-2.jpg 399w, https:\/\/nasicki-ribnjaci.hr\/wp-content\/uploads\/2024\/01\/IMG_4916-uai-399x533-2-225x300.jpg 225w\" sizes=\"(max-width: 399px) 100vw, 399px\" \/><\/a>\n\t\t\t<\/div><\/figure>\n\t\t<\/div>\n\t\t<\/div>\n\t\t\t\t\t\t<\/div>\n\t\t\t\t<\/div>\n\t\t\t\t<div class=\"elementor-element elementor-element-5e4278b elementor-widget elementor-widget-text-editor\" data-id=\"5e4278b\" data-element_type=\"widget\" data-e-type=\"widget\" data-widget_type=\"text-editor.default\">\n\t\t\t\t<div class=\"elementor-widget-container\">\n\t\t\t\t\t\t\t\t\t<p style=\"text-align: left;\">Pansion Ribnjak offers modern and comfortable accommodation, with 11 rooms and a total of 24 beds\u20149 double rooms and 2 triple rooms\u2014located on the floor above the restaurant. All rooms are furnished to the highest standards and provide scenic views of the surrounding nature and greenery.<br \/>Situated just steps from the fishponds, the guesthouse provides a peaceful and natural setting, ideal for both relaxation and productivity. It\u2019s also a perfect overnight option for guests attending events and celebrations at the restaurant.<br \/>Our friendly and professional staff will ensure your stay is as comfortable as possible and will be at your service to meet all your needs.<br \/>All rooms are air-conditioned and feature a private, modern bathroom, stylish furniture, quality linens, a TV, and satellite channels.<\/p>\t\t\t\t\t\t\t\t<\/div>\n\t\t\t\t<\/div>\n\t\t\t\t<div class=\"elementor-element elementor-element-ec1b218 gallery-spacing-custom elementor-widget elementor-widget-image-gallery\" data-id=\"ec1b218\" data-element_type=\"widget\" data-e-type=\"widget\" data-widget_type=\"image-gallery.default\">\n\t\t\t\t<div class=\"elementor-widget-container\">\n\t\t\t\t\t\t\t<div class=\"elementor-image-gallery\">\n\t\t\t<div id='gallery-2' class='gallery galleryid-578 gallery-columns-3 gallery-size-large'><figure class='gallery-item'>\n\t\t\t<div class='gallery-icon portrait'>\n\t\t\t\t<a data-elementor-open-lightbox=\"yes\" data-elementor-lightbox-slideshow=\"ec1b218\" data-elementor-lightbox-title=\"IMG_4414-uai-399x533\" data-e-action-hash=\"#elementor-action%3Aaction%3Dlightbox%26settings%3DeyJpZCI6ODAzLCJ1cmwiOiJodHRwczpcL1wvbmFzaWNraS1yaWJuamFjaS5oclwvd3AtY29udGVudFwvdXBsb2Fkc1wvMjAyNFwvMDFcL0lNR180NDE0LXVhaS0zOTl4NTMzLTIuanBnIiwic2xpZGVzaG93IjoiZWMxYjIxOCJ9\" href='https:\/\/nasicki-ribnjaci.hr\/wp-content\/uploads\/2024\/01\/IMG_4414-uai-399x533-2.jpg'><img loading=\"lazy\" decoding=\"async\" width=\"399\" height=\"533\" src=\"https:\/\/nasicki-ribnjaci.hr\/wp-content\/uploads\/2024\/01\/IMG_4414-uai-399x533-2.jpg\" class=\"attachment-large size-large\" alt=\"\" srcset=\"https:\/\/nasicki-ribnjaci.hr\/wp-content\/uploads\/2024\/01\/IMG_4414-uai-399x533-2.jpg 399w, https:\/\/nasicki-ribnjaci.hr\/wp-content\/uploads\/2024\/01\/IMG_4414-uai-399x533-2-225x300.jpg 225w\" sizes=\"(max-width: 399px) 100vw, 399px\" \/><\/a>\n\t\t\t<\/div><\/figure><figure class='gallery-item'>\n\t\t\t<div class='gallery-icon portrait'>\n\t\t\t\t<a data-elementor-open-lightbox=\"yes\" data-elementor-lightbox-slideshow=\"ec1b218\" data-elementor-lightbox-title=\"IMG_4738-uai-399x533\" data-e-action-hash=\"#elementor-action%3Aaction%3Dlightbox%26settings%3DeyJpZCI6ODA0LCJ1cmwiOiJodHRwczpcL1wvbmFzaWNraS1yaWJuamFjaS5oclwvd3AtY29udGVudFwvdXBsb2Fkc1wvMjAyNFwvMDFcL0lNR180NzM4LXVhaS0zOTl4NTMzLTIuanBnIiwic2xpZGVzaG93IjoiZWMxYjIxOCJ9\" href='https:\/\/nasicki-ribnjaci.hr\/wp-content\/uploads\/2024\/01\/IMG_4738-uai-399x533-2.jpg'><img loading=\"lazy\" decoding=\"async\" width=\"399\" height=\"533\" src=\"https:\/\/nasicki-ribnjaci.hr\/wp-content\/uploads\/2024\/01\/IMG_4738-uai-399x533-2.jpg\" class=\"attachment-large size-large\" alt=\"\" srcset=\"https:\/\/nasicki-ribnjaci.hr\/wp-content\/uploads\/2024\/01\/IMG_4738-uai-399x533-2.jpg 399w, https:\/\/nasicki-ribnjaci.hr\/wp-content\/uploads\/2024\/01\/IMG_4738-uai-399x533-2-225x300.jpg 225w\" sizes=\"(max-width: 399px) 100vw, 399px\" \/><\/a>\n\t\t\t<\/div><\/figure><figure class='gallery-item'>\n\t\t\t<div class='gallery-icon portrait'>\n\t\t\t\t<a data-elementor-open-lightbox=\"yes\" data-elementor-lightbox-slideshow=\"ec1b218\" data-elementor-lightbox-title=\"IMG_4953-uai-399x533\" data-e-action-hash=\"#elementor-action%3Aaction%3Dlightbox%26settings%3DeyJpZCI6ODA1LCJ1cmwiOiJodHRwczpcL1wvbmFzaWNraS1yaWJuamFjaS5oclwvd3AtY29udGVudFwvdXBsb2Fkc1wvMjAyNFwvMDFcL0lNR180OTUzLXVhaS0zOTl4NTMzLTIuanBnIiwic2xpZGVzaG93IjoiZWMxYjIxOCJ9\" href='https:\/\/nasicki-ribnjaci.hr\/wp-content\/uploads\/2024\/01\/IMG_4953-uai-399x533-2.jpg'><img loading=\"lazy\" decoding=\"async\" width=\"399\" height=\"533\" src=\"https:\/\/nasicki-ribnjaci.hr\/wp-content\/uploads\/2024\/01\/IMG_4953-uai-399x533-2.jpg\" class=\"attachment-large size-large\" alt=\"\" srcset=\"https:\/\/nasicki-ribnjaci.hr\/wp-content\/uploads\/2024\/01\/IMG_4953-uai-399x533-2.jpg 399w, https:\/\/nasicki-ribnjaci.hr\/wp-content\/uploads\/2024\/01\/IMG_4953-uai-399x533-2-225x300.jpg 225w\" sizes=\"(max-width: 399px) 100vw, 399px\" \/><\/a>\n\t\t\t<\/div><\/figure>\n\t\t<\/div>\n\t\t<\/div>\n\t\t\t\t\t\t<\/div>\n\t\t\t\t<\/div>\n\t\t\t\t<div class=\"elementor-element elementor-element-ac19823 elementor-widget-divider--separator-type-pattern elementor-widget-divider--view-line elementor-widget elementor-widget-divider\" data-id=\"ac19823\" data-element_type=\"widget\" data-e-type=\"widget\" data-widget_type=\"divider.default\">\n\t\t\t\t<div class=\"elementor-widget-container\">\n\t\t\t\t\t\t\t<div class=\"elementor-divider\" style=\"--divider-pattern-url: url(&quot;data:image\/svg+xml,%3Csvg xmlns=&#039;http:\/\/www.w3.org\/2000\/svg&#039; preserveAspectRatio=&#039;none&#039; overflow=&#039;visible&#039; height=&#039;100%&#039; viewBox=&#039;0 0 24 24&#039; fill=&#039;none&#039; stroke=&#039;black&#039; stroke-width=&#039;1&#039; stroke-linecap=&#039;square&#039; stroke-miterlimit=&#039;10&#039;%3E%3Cpath d=&#039;M0,6c6,0,6,13,12,13S18,6,24,6&#039;\/%3E%3C\/svg%3E&quot;);\">\n\t\t\t<span class=\"elementor-divider-separator\">\n\t\t\t\t\t\t<\/span>\n\t\t<\/div>\n\t\t\t\t\t\t<\/div>\n\t\t\t\t<\/div>\n\t\t\t\t<div class=\"elementor-element elementor-element-569b0ed elementor-widget elementor-widget-heading\" data-id=\"569b0ed\" data-element_type=\"widget\" data-e-type=\"widget\" data-widget_type=\"heading.default\">\n\t\t\t\t<div class=\"elementor-widget-container\">\n\t\t\t\t\t<h3 class=\"elementor-heading-title elementor-size-default\">Price List<\/h3>\t\t\t\t<\/div>\n\t\t\t\t<\/div>\n\t\t\t\t\t<\/div>\n\t\t\t\t<\/div>\n\t\t\t\t\t<\/div>\n\t\t\t\t<\/div>\n\t\t<div class=\"elementor-element elementor-element-8908b49 e-flex e-con-boxed e-con e-parent\" data-id=\"8908b49\" data-element_type=\"container\" data-e-type=\"container\">\n\t\t\t\t\t<div class=\"e-con-inner\">\n\t\t\t\t<div class=\"elementor-element elementor-element-a74c2bf elementor-widget__width-initial elementor-widget elementor-widget-html\" data-id=\"a74c2bf\" data-element_type=\"widget\" data-e-type=\"widget\" data-widget_type=\"html.default\">\n\t\t\t\t<div class=\"elementor-widget-container\">\n\t\t\t\t\t<div class=\"pricing-table\">\r\n    <div class=\"pricing-plan\">\r\n        <div class=\"pricing-plan_header\">\r\n            <h2>PRICE PER PERSON, PER NIGHT<\/h2>\r\n        <\/div>\r\n        <div class=\"pricing-plan_text\">\r\n            <p class=\"price\">35 \u20ac<\/p>\r\n             <div class=\"separator\"><\/div>\r\n        <ul class=\"ul_jelovnik\">\r\n            <li class=\"li_jelovnik\">Tourist tax (5.50 HRK) not included<\/li>\r\n            <li class=\"li_jelovnik\">Accommodation only \u2013 meals not included<\/li>\r\n            <li class=\"li_jelovnik\">Children aged 12\u201318 receive a 50% discount<\/li>\r\n            <li class=\"li_jelovnik\">Free of charge for children under 12 years of age<\/li>\r\n        <\/ul>\r\n        \r\n        <\/div>\r\n    \r\n    <\/div>\r\n\r\n    <!-- Dodajte sli\u010dan blok za svaki plan -->\r\n\r\n<\/div>\r\n\t\t\t\t<\/div>\n\t\t\t\t<\/div>\n\t\t\t\t\t<\/div>\n\t\t\t\t<\/div>\n\t\t\t\t<\/div>","protected":false},"excerpt":{"rendered":"<p>Pansion &#8230;gdje se spaja slavonska \u0161uma i voda&#8230; Smje\u0161ten nedaleko Na\u0161ica, u blizini ribnjaka u Lili, Pansion Ribnjak nudi vrhunski smje\u0161taj, za odmor, lov, konferencije i team-bulding, kao i vrhunske gastronomske specijalitete, gdje prednja\u010de, razumije se, riblje delikatese, slavonska, ali i internacionalna kuhinja.Pansion Ribnjak, uz smje\u0161tajne kapacitete po povoljnim cijenama, kao i slasna jela, nudi [&hellip;]<\/p>","protected":false},"author":1,"featured_media":0,"parent":0,"menu_order":0,"comment_status":"closed","ping_status":"closed","template":"elementor_header_footer","meta":{"footnotes":""},"class_list":["post-578","page","type-page","status-publish","hentry"],"blocksy_meta":[],"yoast_head":"<!-- This site is optimized with the Yoast SEO plugin v27.4 - https:\/\/yoast.com\/product\/yoast-seo-wordpress\/ -->\n<title>Pansion - Restoran Ribnjak Na\u0161ice | tradicija od 1905<\/title>\n<meta name=\"description\" content=\"Otkrijte luksuzni pansion Ribnjak blizu Na\u0161ica: vrhunski smje\u0161taj, riblje delicije, lova\u010dke aktivnosti i sportski tereni. Idealno za odmor.\" \/>\n<meta name=\"robots\" content=\"index, follow, max-snippet:-1, max-image-preview:large, max-video-preview:-1\" \/>\n<link rel=\"canonical\" href=\"https:\/\/nasicki-ribnjaci.hr\/en\/pansion\/\" \/>\n<meta property=\"og:locale\" content=\"en_GB\" \/>\n<meta property=\"og:type\" content=\"article\" \/>\n<meta property=\"og:title\" content=\"Pansion - Restoran Ribnjak Na\u0161ice | tradicija od 1905\" \/>\n<meta property=\"og:description\" content=\"Otkrijte luksuzni pansion Ribnjak blizu Na\u0161ica: vrhunski smje\u0161taj, riblje delicije, lova\u010dke aktivnosti i sportski tereni. Idealno za odmor.\" \/>\n<meta property=\"og:url\" content=\"https:\/\/nasicki-ribnjaci.hr\/en\/pansion\/\" \/>\n<meta property=\"og:site_name\" content=\"Restoran Ribnjak Na\u0161ice | tradicija od 1905\" \/>\n<meta property=\"article:publisher\" content=\"https:\/\/www.facebook.com\/pages\/Restoran-Ribnjak\/335951336482394\" \/>\n<meta property=\"article:modified_time\" content=\"2024-03-24T18:20:05+00:00\" \/>\n<meta property=\"og:image\" content=\"https:\/\/nasicki-ribnjaci.hr\/wp-content\/uploads\/2024\/01\/IMG_4865-uai-399x533-2.jpg\" \/>\n<meta name=\"twitter:card\" content=\"summary_large_image\" \/>\n<meta name=\"twitter:label1\" content=\"Estimated reading time\" \/>\n\t<meta name=\"twitter:data1\" content=\"3 minutes\" \/>\n<script type=\"application\/ld+json\" class=\"yoast-schema-graph\">{\"@context\":\"https:\\\/\\\/schema.org\",\"@graph\":[{\"@type\":\"WebPage\",\"@id\":\"https:\\\/\\\/nasicki-ribnjaci.hr\\\/pansion\\\/\",\"url\":\"https:\\\/\\\/nasicki-ribnjaci.hr\\\/pansion\\\/\",\"name\":\"Pansion - Restoran Ribnjak Na\u0161ice | tradicija od 1905\",\"isPartOf\":{\"@id\":\"https:\\\/\\\/nasicki-ribnjaci.hr\\\/#website\"},\"primaryImageOfPage\":{\"@id\":\"https:\\\/\\\/nasicki-ribnjaci.hr\\\/pansion\\\/#primaryimage\"},\"image\":{\"@id\":\"https:\\\/\\\/nasicki-ribnjaci.hr\\\/pansion\\\/#primaryimage\"},\"thumbnailUrl\":\"https:\\\/\\\/nasicki-ribnjaci.hr\\\/wp-content\\\/uploads\\\/2024\\\/01\\\/IMG_4865-uai-399x533-2.jpg\",\"datePublished\":\"2024-01-15T21:17:43+00:00\",\"dateModified\":\"2024-03-24T18:20:05+00:00\",\"description\":\"Otkrijte luksuzni pansion Ribnjak blizu Na\u0161ica: vrhunski smje\u0161taj, riblje delicije, lova\u010dke aktivnosti i sportski tereni. Idealno za odmor.\",\"breadcrumb\":{\"@id\":\"https:\\\/\\\/nasicki-ribnjaci.hr\\\/pansion\\\/#breadcrumb\"},\"inLanguage\":\"en-GB\",\"potentialAction\":[{\"@type\":\"ReadAction\",\"target\":[\"https:\\\/\\\/nasicki-ribnjaci.hr\\\/pansion\\\/\"]}]},{\"@type\":\"ImageObject\",\"inLanguage\":\"en-GB\",\"@id\":\"https:\\\/\\\/nasicki-ribnjaci.hr\\\/pansion\\\/#primaryimage\",\"url\":\"https:\\\/\\\/nasicki-ribnjaci.hr\\\/wp-content\\\/uploads\\\/2024\\\/01\\\/IMG_4865-uai-399x533-2.jpg\",\"contentUrl\":\"https:\\\/\\\/nasicki-ribnjaci.hr\\\/wp-content\\\/uploads\\\/2024\\\/01\\\/IMG_4865-uai-399x533-2.jpg\"},{\"@type\":\"BreadcrumbList\",\"@id\":\"https:\\\/\\\/nasicki-ribnjaci.hr\\\/pansion\\\/#breadcrumb\",\"itemListElement\":[{\"@type\":\"ListItem\",\"position\":1,\"name\":\"Po\u010detna stranica\",\"item\":\"https:\\\/\\\/nasicki-ribnjaci.hr\\\/\"},{\"@type\":\"ListItem\",\"position\":2,\"name\":\"Pansion\"}]},{\"@type\":\"WebSite\",\"@id\":\"https:\\\/\\\/nasicki-ribnjaci.hr\\\/#website\",\"url\":\"https:\\\/\\\/nasicki-ribnjaci.hr\\\/\",\"name\":\"Restoran Ribnjak Na\u0161ice | tradicija od 1905\",\"description\":\"Pripremamo razne riblje i mesne slavonske specijalitete\",\"publisher\":{\"@id\":\"https:\\\/\\\/nasicki-ribnjaci.hr\\\/#organization\"},\"potentialAction\":[{\"@type\":\"SearchAction\",\"target\":{\"@type\":\"EntryPoint\",\"urlTemplate\":\"https:\\\/\\\/nasicki-ribnjaci.hr\\\/?s={search_term_string}\"},\"query-input\":{\"@type\":\"PropertyValueSpecification\",\"valueRequired\":true,\"valueName\":\"search_term_string\"}}],\"inLanguage\":\"en-GB\"},{\"@type\":\"Organization\",\"@id\":\"https:\\\/\\\/nasicki-ribnjaci.hr\\\/#organization\",\"name\":\"Restoran Ribnjak Na\u0161ice\",\"url\":\"https:\\\/\\\/nasicki-ribnjaci.hr\\\/\",\"logo\":{\"@type\":\"ImageObject\",\"inLanguage\":\"en-GB\",\"@id\":\"https:\\\/\\\/nasicki-ribnjaci.hr\\\/#\\\/schema\\\/logo\\\/image\\\/\",\"url\":\"https:\\\/\\\/nasicki-ribnjaci.hr\\\/wp-content\\\/uploads\\\/2024\\\/01\\\/logo-r-03.svg\",\"contentUrl\":\"https:\\\/\\\/nasicki-ribnjaci.hr\\\/wp-content\\\/uploads\\\/2024\\\/01\\\/logo-r-03.svg\",\"width\":566,\"height\":421,\"caption\":\"Restoran Ribnjak Na\u0161ice\"},\"image\":{\"@id\":\"https:\\\/\\\/nasicki-ribnjaci.hr\\\/#\\\/schema\\\/logo\\\/image\\\/\"},\"sameAs\":[\"https:\\\/\\\/www.facebook.com\\\/pages\\\/Restoran-Ribnjak\\\/335951336482394\"]}]}<\/script>\n<!-- \/ Yoast SEO plugin. -->","yoast_head_json":{"title":"Pansion - Restoran Ribnjak Na\u0161ice | tradicija od 1905","description":"Otkrijte luksuzni pansion Ribnjak blizu Na\u0161ica: vrhunski smje\u0161taj, riblje delicije, lova\u010dke aktivnosti i sportski tereni. Idealno za odmor.","robots":{"index":"index","follow":"follow","max-snippet":"max-snippet:-1","max-image-preview":"max-image-preview:large","max-video-preview":"max-video-preview:-1"},"canonical":"https:\/\/nasicki-ribnjaci.hr\/en\/pansion\/","og_locale":"en_GB","og_type":"article","og_title":"Pansion - Restoran Ribnjak Na\u0161ice | tradicija od 1905","og_description":"Otkrijte luksuzni pansion Ribnjak blizu Na\u0161ica: vrhunski smje\u0161taj, riblje delicije, lova\u010dke aktivnosti i sportski tereni. Idealno za odmor.","og_url":"https:\/\/nasicki-ribnjaci.hr\/en\/pansion\/","og_site_name":"Restoran Ribnjak Na\u0161ice | tradicija od 1905","article_publisher":"https:\/\/www.facebook.com\/pages\/Restoran-Ribnjak\/335951336482394","article_modified_time":"2024-03-24T18:20:05+00:00","og_image":[{"url":"https:\/\/nasicki-ribnjaci.hr\/wp-content\/uploads\/2024\/01\/IMG_4865-uai-399x533-2.jpg","type":"","width":"","height":""}],"twitter_card":"summary_large_image","twitter_misc":{"Estimated reading time":"3 minutes"},"schema":{"@context":"https:\/\/schema.org","@graph":[{"@type":"WebPage","@id":"https:\/\/nasicki-ribnjaci.hr\/pansion\/","url":"https:\/\/nasicki-ribnjaci.hr\/pansion\/","name":"Pansion - Restoran Ribnjak Na\u0161ice | tradicija od 1905","isPartOf":{"@id":"https:\/\/nasicki-ribnjaci.hr\/#website"},"primaryImageOfPage":{"@id":"https:\/\/nasicki-ribnjaci.hr\/pansion\/#primaryimage"},"image":{"@id":"https:\/\/nasicki-ribnjaci.hr\/pansion\/#primaryimage"},"thumbnailUrl":"https:\/\/nasicki-ribnjaci.hr\/wp-content\/uploads\/2024\/01\/IMG_4865-uai-399x533-2.jpg","datePublished":"2024-01-15T21:17:43+00:00","dateModified":"2024-03-24T18:20:05+00:00","description":"Otkrijte luksuzni pansion Ribnjak blizu Na\u0161ica: vrhunski smje\u0161taj, riblje delicije, lova\u010dke aktivnosti i sportski tereni. Idealno za odmor.","breadcrumb":{"@id":"https:\/\/nasicki-ribnjaci.hr\/pansion\/#breadcrumb"},"inLanguage":"en-GB","potentialAction":[{"@type":"ReadAction","target":["https:\/\/nasicki-ribnjaci.hr\/pansion\/"]}]},{"@type":"ImageObject","inLanguage":"en-GB","@id":"https:\/\/nasicki-ribnjaci.hr\/pansion\/#primaryimage","url":"https:\/\/nasicki-ribnjaci.hr\/wp-content\/uploads\/2024\/01\/IMG_4865-uai-399x533-2.jpg","contentUrl":"https:\/\/nasicki-ribnjaci.hr\/wp-content\/uploads\/2024\/01\/IMG_4865-uai-399x533-2.jpg"},{"@type":"BreadcrumbList","@id":"https:\/\/nasicki-ribnjaci.hr\/pansion\/#breadcrumb","itemListElement":[{"@type":"ListItem","position":1,"name":"Po\u010detna stranica","item":"https:\/\/nasicki-ribnjaci.hr\/"},{"@type":"ListItem","position":2,"name":"Pansion"}]},{"@type":"WebSite","@id":"https:\/\/nasicki-ribnjaci.hr\/#website","url":"https:\/\/nasicki-ribnjaci.hr\/","name":"Restoran Ribnjak Na\u0161ice | tradicija od 1905","description":"Pripremamo razne riblje i mesne slavonske specijalitete","publisher":{"@id":"https:\/\/nasicki-ribnjaci.hr\/#organization"},"potentialAction":[{"@type":"SearchAction","target":{"@type":"EntryPoint","urlTemplate":"https:\/\/nasicki-ribnjaci.hr\/?s={search_term_string}"},"query-input":{"@type":"PropertyValueSpecification","valueRequired":true,"valueName":"search_term_string"}}],"inLanguage":"en-GB"},{"@type":"Organization","@id":"https:\/\/nasicki-ribnjaci.hr\/#organization","name":"Restoran Ribnjak Na\u0161ice","url":"https:\/\/nasicki-ribnjaci.hr\/","logo":{"@type":"ImageObject","inLanguage":"en-GB","@id":"https:\/\/nasicki-ribnjaci.hr\/#\/schema\/logo\/image\/","url":"https:\/\/nasicki-ribnjaci.hr\/wp-content\/uploads\/2024\/01\/logo-r-03.svg","contentUrl":"https:\/\/nasicki-ribnjaci.hr\/wp-content\/uploads\/2024\/01\/logo-r-03.svg","width":566,"height":421,"caption":"Restoran Ribnjak Na\u0161ice"},"image":{"@id":"https:\/\/nasicki-ribnjaci.hr\/#\/schema\/logo\/image\/"},"sameAs":["https:\/\/www.facebook.com\/pages\/Restoran-Ribnjak\/335951336482394"]}]}},"_links":{"self":[{"href":"https:\/\/nasicki-ribnjaci.hr\/en\/wp-json\/wp\/v2\/pages\/578","targetHints":{"allow":["GET"]}}],"collection":[{"href":"https:\/\/nasicki-ribnjaci.hr\/en\/wp-json\/wp\/v2\/pages"}],"about":[{"href":"https:\/\/nasicki-ribnjaci.hr\/en\/wp-json\/wp\/v2\/types\/page"}],"author":[{"embeddable":true,"href":"https:\/\/nasicki-ribnjaci.hr\/en\/wp-json\/wp\/v2\/users\/1"}],"replies":[{"embeddable":true,"href":"https:\/\/nasicki-ribnjaci.hr\/en\/wp-json\/wp\/v2\/comments?post=578"}],"version-history":[{"count":157,"href":"https:\/\/nasicki-ribnjaci.hr\/en\/wp-json\/wp\/v2\/pages\/578\/revisions"}],"predecessor-version":[{"id":1894,"href":"https:\/\/nasicki-ribnjaci.hr\/en\/wp-json\/wp\/v2\/pages\/578\/revisions\/1894"}],"wp:attachment":[{"href":"https:\/\/nasicki-ribnjaci.hr\/en\/wp-json\/wp\/v2\/media?parent=578"}],"curies":[{"name":"wp","href":"https:\/\/api.w.org\/{rel}","templated":true}]}}