{"id":2187,"date":"2025-04-19T17:11:38","date_gmt":"2025-04-19T15:11:38","guid":{"rendered":"https:\/\/nasicki-ribnjaci.hr\/?page_id=2187"},"modified":"2025-04-19T17:13:35","modified_gmt":"2025-04-19T15:13:35","slug":"rezervacije-uspjesno","status":"publish","type":"page","link":"https:\/\/nasicki-ribnjaci.hr\/en\/rezervacije-uspjesno\/","title":{"rendered":"Rezervacije &#8211; uspjesno"},"content":{"rendered":"<div data-elementor-type=\"wp-page\" data-elementor-id=\"2187\" class=\"elementor elementor-2187\">\n\t\t\t\t<div class=\"elementor-element elementor-element-19c83bd e-flex e-con-boxed e-con e-parent\" data-id=\"19c83bd\" data-element_type=\"container\" data-e-type=\"container\" data-settings=\"{&quot;background_background&quot;:&quot;gradient&quot;}\">\n\t\t\t\t\t<div class=\"e-con-inner\">\n\t\t<div class=\"elementor-element elementor-element-96ed812 e-con-full e-flex e-con e-child\" data-id=\"96ed812\" data-element_type=\"container\" data-e-type=\"container\" data-settings=\"{&quot;background_background&quot;:&quot;classic&quot;}\">\n\t\t\t\t<div class=\"elementor-element elementor-element-276f11d elementor-widget-tablet__width-initial animated-fast elementor-invisible elementor-widget elementor-widget-heading\" data-id=\"276f11d\" data-element_type=\"widget\" data-e-type=\"widget\" data-settings=\"{&quot;_animation&quot;:&quot;fadeInRight&quot;}\" data-widget_type=\"heading.default\">\n\t\t\t\t<div class=\"elementor-widget-container\">\n\t\t\t\t\t<h3 class=\"elementor-heading-title elementor-size-default\">RESERVATION SENT<\/h3>\t\t\t\t<\/div>\n\t\t\t\t<\/div>\n\t\t\t\t<div class=\"elementor-element elementor-element-0b89363 elementor-widget elementor-widget-text-editor\" data-id=\"0b89363\" data-element_type=\"widget\" data-e-type=\"widget\" data-widget_type=\"text-editor.default\">\n\t\t\t\t<div class=\"elementor-widget-container\">\n\t\t\t\t\t\t\t\t\t<p><strong data-start=\"104\" data-end=\"144\">Thank you for your reservation request!<br \/><\/strong><br data-start=\"144\" data-end=\"147\" \/>Your request has been successfully received. Our staff will get back to you as soon as possible.<br \/><br data-start=\"234\" data-end=\"237\" \/><em><i>Note<\/i><\/em>: Your reservation is only confirmed once you receive a confirmation message from us.<br \/><br \/>Yours sincerely,\nRestaurant Ribnjak<\/p>\t\t\t\t\t\t\t\t<\/div>\n\t\t\t\t<\/div>\n\t\t\t\t<\/div>\n\t\t\t\t\t<\/div>\n\t\t\t\t<\/div>\n\t\t\t\t<\/div>","protected":false},"excerpt":{"rendered":"<p>REZERVACIJA POSLANA Hvala na Va\u0161em upitu za rezervaciju!Va\u0161 zahtjev je uspje\u0161no zaprimljen. Na\u0161e osoblje \u0107e Vam odgovoriti u najkra\u0107em mogu\u0107em roku.Napomena: Rezervacija je potvr\u0111ena tek nakon \u0161to dobijete na\u0161u povratnu poruku s potvrdom. Va\u0161 Restoran Ribnjak<\/p>","protected":false},"author":1,"featured_media":0,"parent":0,"menu_order":0,"comment_status":"closed","ping_status":"closed","template":"elementor_header_footer","meta":{"footnotes":""},"class_list":["post-2187","page","type-page","status-publish","hentry"],"blocksy_meta":[],"yoast_head":"<!-- This site is optimized with the Yoast SEO plugin v27.5 - https:\/\/yoast.com\/product\/yoast-seo-wordpress\/ -->\n<title>Rezervacije - uspjesno - Restoran Ribnjak Na\u0161ice | tradicija od 1905<\/title>\n<meta name=\"robots\" content=\"index, follow, max-snippet:-1, max-image-preview:large, max-video-preview:-1\" \/>\n<link rel=\"canonical\" href=\"https:\/\/nasicki-ribnjaci.hr\/en\/rezervacije-uspjesno\/\" \/>\n<meta property=\"og:locale\" content=\"en_GB\" \/>\n<meta property=\"og:type\" content=\"article\" \/>\n<meta property=\"og:title\" content=\"Rezervacije - uspjesno - Restoran Ribnjak Na\u0161ice | tradicija od 1905\" \/>\n<meta property=\"og:description\" content=\"REZERVACIJA POSLANA Hvala na Va\u0161em upitu za rezervaciju!Va\u0161 zahtjev je uspje\u0161no zaprimljen. Na\u0161e osoblje \u0107e Vam odgovoriti u najkra\u0107em mogu\u0107em roku.Napomena: Rezervacija je potvr\u0111ena tek nakon \u0161to dobijete na\u0161u povratnu poruku s potvrdom. Va\u0161 Restoran Ribnjak\" \/>\n<meta property=\"og:url\" content=\"https:\/\/nasicki-ribnjaci.hr\/en\/rezervacije-uspjesno\/\" \/>\n<meta property=\"og:site_name\" content=\"Restoran Ribnjak Na\u0161ice | tradicija od 1905\" \/>\n<meta property=\"article:publisher\" content=\"https:\/\/www.facebook.com\/pages\/Restoran-Ribnjak\/335951336482394\" \/>\n<meta property=\"article:modified_time\" content=\"2025-04-19T15:13:35+00:00\" \/>\n<meta name=\"twitter:card\" content=\"summary_large_image\" \/>\n<meta name=\"twitter:label1\" content=\"Estimated reading time\" \/>\n\t<meta name=\"twitter:data1\" content=\"1 minute\" \/>\n<script type=\"application\/ld+json\" class=\"yoast-schema-graph\">{\"@context\":\"https:\\\/\\\/schema.org\",\"@graph\":[{\"@type\":\"WebPage\",\"@id\":\"https:\\\/\\\/nasicki-ribnjaci.hr\\\/rezervacije-uspjesno\\\/\",\"url\":\"https:\\\/\\\/nasicki-ribnjaci.hr\\\/rezervacije-uspjesno\\\/\",\"name\":\"Rezervacije - uspjesno - Restoran Ribnjak Na\u0161ice | tradicija od 1905\",\"isPartOf\":{\"@id\":\"https:\\\/\\\/nasicki-ribnjaci.hr\\\/#website\"},\"datePublished\":\"2025-04-19T15:11:38+00:00\",\"dateModified\":\"2025-04-19T15:13:35+00:00\",\"breadcrumb\":{\"@id\":\"https:\\\/\\\/nasicki-ribnjaci.hr\\\/rezervacije-uspjesno\\\/#breadcrumb\"},\"inLanguage\":\"en-GB\",\"potentialAction\":[{\"@type\":\"ReadAction\",\"target\":[\"https:\\\/\\\/nasicki-ribnjaci.hr\\\/rezervacije-uspjesno\\\/\"]}]},{\"@type\":\"BreadcrumbList\",\"@id\":\"https:\\\/\\\/nasicki-ribnjaci.hr\\\/rezervacije-uspjesno\\\/#breadcrumb\",\"itemListElement\":[{\"@type\":\"ListItem\",\"position\":1,\"name\":\"Po\u010detna stranica\",\"item\":\"https:\\\/\\\/nasicki-ribnjaci.hr\\\/\"},{\"@type\":\"ListItem\",\"position\":2,\"name\":\"Rezervacije &#8211; uspjesno\"}]},{\"@type\":\"WebSite\",\"@id\":\"https:\\\/\\\/nasicki-ribnjaci.hr\\\/#website\",\"url\":\"https:\\\/\\\/nasicki-ribnjaci.hr\\\/\",\"name\":\"Restoran Ribnjak Na\u0161ice | tradicija od 1905\",\"description\":\"Pripremamo razne riblje i mesne slavonske specijalitete\",\"publisher\":{\"@id\":\"https:\\\/\\\/nasicki-ribnjaci.hr\\\/#organization\"},\"potentialAction\":[{\"@type\":\"SearchAction\",\"target\":{\"@type\":\"EntryPoint\",\"urlTemplate\":\"https:\\\/\\\/nasicki-ribnjaci.hr\\\/?s={search_term_string}\"},\"query-input\":{\"@type\":\"PropertyValueSpecification\",\"valueRequired\":true,\"valueName\":\"search_term_string\"}}],\"inLanguage\":\"en-GB\"},{\"@type\":\"Organization\",\"@id\":\"https:\\\/\\\/nasicki-ribnjaci.hr\\\/#organization\",\"name\":\"Restoran Ribnjak Na\u0161ice\",\"url\":\"https:\\\/\\\/nasicki-ribnjaci.hr\\\/\",\"logo\":{\"@type\":\"ImageObject\",\"inLanguage\":\"en-GB\",\"@id\":\"https:\\\/\\\/nasicki-ribnjaci.hr\\\/#\\\/schema\\\/logo\\\/image\\\/\",\"url\":\"https:\\\/\\\/nasicki-ribnjaci.hr\\\/wp-content\\\/uploads\\\/2024\\\/01\\\/logo-r-03.svg\",\"contentUrl\":\"https:\\\/\\\/nasicki-ribnjaci.hr\\\/wp-content\\\/uploads\\\/2024\\\/01\\\/logo-r-03.svg\",\"width\":566,\"height\":421,\"caption\":\"Restoran Ribnjak Na\u0161ice\"},\"image\":{\"@id\":\"https:\\\/\\\/nasicki-ribnjaci.hr\\\/#\\\/schema\\\/logo\\\/image\\\/\"},\"sameAs\":[\"https:\\\/\\\/www.facebook.com\\\/pages\\\/Restoran-Ribnjak\\\/335951336482394\"]}]}<\/script>\n<!-- \/ Yoast SEO plugin. -->","yoast_head_json":{"title":"Rezervacije - uspjesno - Restoran Ribnjak Na\u0161ice | tradicija od 1905","robots":{"index":"index","follow":"follow","max-snippet":"max-snippet:-1","max-image-preview":"max-image-preview:large","max-video-preview":"max-video-preview:-1"},"canonical":"https:\/\/nasicki-ribnjaci.hr\/en\/rezervacije-uspjesno\/","og_locale":"en_GB","og_type":"article","og_title":"Rezervacije - uspjesno - Restoran Ribnjak Na\u0161ice | tradicija od 1905","og_description":"REZERVACIJA POSLANA Hvala na Va\u0161em upitu za rezervaciju!Va\u0161 zahtjev je uspje\u0161no zaprimljen. Na\u0161e osoblje \u0107e Vam odgovoriti u najkra\u0107em mogu\u0107em roku.Napomena: Rezervacija je potvr\u0111ena tek nakon \u0161to dobijete na\u0161u povratnu poruku s potvrdom. Va\u0161 Restoran Ribnjak","og_url":"https:\/\/nasicki-ribnjaci.hr\/en\/rezervacije-uspjesno\/","og_site_name":"Restoran Ribnjak Na\u0161ice | tradicija od 1905","article_publisher":"https:\/\/www.facebook.com\/pages\/Restoran-Ribnjak\/335951336482394","article_modified_time":"2025-04-19T15:13:35+00:00","twitter_card":"summary_large_image","twitter_misc":{"Estimated reading time":"1 minute"},"schema":{"@context":"https:\/\/schema.org","@graph":[{"@type":"WebPage","@id":"https:\/\/nasicki-ribnjaci.hr\/rezervacije-uspjesno\/","url":"https:\/\/nasicki-ribnjaci.hr\/rezervacije-uspjesno\/","name":"Rezervacije - uspjesno - Restoran Ribnjak Na\u0161ice | tradicija od 1905","isPartOf":{"@id":"https:\/\/nasicki-ribnjaci.hr\/#website"},"datePublished":"2025-04-19T15:11:38+00:00","dateModified":"2025-04-19T15:13:35+00:00","breadcrumb":{"@id":"https:\/\/nasicki-ribnjaci.hr\/rezervacije-uspjesno\/#breadcrumb"},"inLanguage":"en-GB","potentialAction":[{"@type":"ReadAction","target":["https:\/\/nasicki-ribnjaci.hr\/rezervacije-uspjesno\/"]}]},{"@type":"BreadcrumbList","@id":"https:\/\/nasicki-ribnjaci.hr\/rezervacije-uspjesno\/#breadcrumb","itemListElement":[{"@type":"ListItem","position":1,"name":"Po\u010detna stranica","item":"https:\/\/nasicki-ribnjaci.hr\/"},{"@type":"ListItem","position":2,"name":"Rezervacije &#8211; uspjesno"}]},{"@type":"WebSite","@id":"https:\/\/nasicki-ribnjaci.hr\/#website","url":"https:\/\/nasicki-ribnjaci.hr\/","name":"Restoran Ribnjak Na\u0161ice | tradicija od 1905","description":"Pripremamo razne riblje i mesne slavonske specijalitete","publisher":{"@id":"https:\/\/nasicki-ribnjaci.hr\/#organization"},"potentialAction":[{"@type":"SearchAction","target":{"@type":"EntryPoint","urlTemplate":"https:\/\/nasicki-ribnjaci.hr\/?s={search_term_string}"},"query-input":{"@type":"PropertyValueSpecification","valueRequired":true,"valueName":"search_term_string"}}],"inLanguage":"en-GB"},{"@type":"Organization","@id":"https:\/\/nasicki-ribnjaci.hr\/#organization","name":"Restoran Ribnjak Na\u0161ice","url":"https:\/\/nasicki-ribnjaci.hr\/","logo":{"@type":"ImageObject","inLanguage":"en-GB","@id":"https:\/\/nasicki-ribnjaci.hr\/#\/schema\/logo\/image\/","url":"https:\/\/nasicki-ribnjaci.hr\/wp-content\/uploads\/2024\/01\/logo-r-03.svg","contentUrl":"https:\/\/nasicki-ribnjaci.hr\/wp-content\/uploads\/2024\/01\/logo-r-03.svg","width":566,"height":421,"caption":"Restoran Ribnjak Na\u0161ice"},"image":{"@id":"https:\/\/nasicki-ribnjaci.hr\/#\/schema\/logo\/image\/"},"sameAs":["https:\/\/www.facebook.com\/pages\/Restoran-Ribnjak\/335951336482394"]}]}},"_links":{"self":[{"href":"https:\/\/nasicki-ribnjaci.hr\/en\/wp-json\/wp\/v2\/pages\/2187","targetHints":{"allow":["GET"]}}],"collection":[{"href":"https:\/\/nasicki-ribnjaci.hr\/en\/wp-json\/wp\/v2\/pages"}],"about":[{"href":"https:\/\/nasicki-ribnjaci.hr\/en\/wp-json\/wp\/v2\/types\/page"}],"author":[{"embeddable":true,"href":"https:\/\/nasicki-ribnjaci.hr\/en\/wp-json\/wp\/v2\/users\/1"}],"replies":[{"embeddable":true,"href":"https:\/\/nasicki-ribnjaci.hr\/en\/wp-json\/wp\/v2\/comments?post=2187"}],"version-history":[{"count":10,"href":"https:\/\/nasicki-ribnjaci.hr\/en\/wp-json\/wp\/v2\/pages\/2187\/revisions"}],"predecessor-version":[{"id":2197,"href":"https:\/\/nasicki-ribnjaci.hr\/en\/wp-json\/wp\/v2\/pages\/2187\/revisions\/2197"}],"wp:attachment":[{"href":"https:\/\/nasicki-ribnjaci.hr\/en\/wp-json\/wp\/v2\/media?parent=2187"}],"curies":[{"name":"wp","href":"https:\/\/api.w.org\/{rel}","templated":true}]}}