{"id":2124,"date":"2025-04-19T14:54:19","date_gmt":"2025-04-19T12:54:19","guid":{"rendered":"https:\/\/nasicki-ribnjaci.hr\/?page_id=2124"},"modified":"2025-10-13T09:45:50","modified_gmt":"2025-10-13T07:45:50","slug":"rezervacije","status":"publish","type":"page","link":"https:\/\/nasicki-ribnjaci.hr\/en\/rezervacije\/","title":{"rendered":"Rezervacije"},"content":{"rendered":"<div data-elementor-type=\"wp-page\" data-elementor-id=\"2124\" class=\"elementor elementor-2124\">\n\t\t\t\t<div class=\"elementor-element elementor-element-19c83bd e-flex e-con-boxed e-con e-parent\" data-id=\"19c83bd\" data-element_type=\"container\" data-e-type=\"container\" data-settings=\"{&quot;background_background&quot;:&quot;gradient&quot;}\">\n\t\t\t\t\t<div class=\"e-con-inner\">\n\t\t<div class=\"elementor-element elementor-element-96ed812 e-con-full e-flex e-con e-child\" data-id=\"96ed812\" data-element_type=\"container\" data-e-type=\"container\" data-settings=\"{&quot;background_background&quot;:&quot;classic&quot;}\">\n\t\t\t\t<div class=\"elementor-element elementor-element-276f11d elementor-widget-tablet__width-initial animated-fast elementor-invisible elementor-widget elementor-widget-heading\" data-id=\"276f11d\" data-element_type=\"widget\" data-e-type=\"widget\" data-settings=\"{&quot;_animation&quot;:&quot;fadeInRight&quot;}\" data-widget_type=\"heading.default\">\n\t\t\t\t<div class=\"elementor-widget-container\">\n\t\t\t\t\t<h3 class=\"elementor-heading-title elementor-size-default\">RESERVATIONS<\/h3>\t\t\t\t<\/div>\n\t\t\t\t<\/div>\n\t\t\t\t<div class=\"elementor-element elementor-element-0b89363 elementor-widget elementor-widget-text-editor\" data-id=\"0b89363\" data-element_type=\"widget\" data-e-type=\"widget\" data-no-translation=\"\" data-widget_type=\"text-editor.default\">\n\t\t\t\t<div class=\"elementor-widget-container\">\n\t\t\t\t\t<style>.elementor-element-0b89363{display:none !important}<\/style>\t\t\t\t<\/div>\n\t\t\t\t<\/div>\n\t\t\t\t<div class=\"elementor-element elementor-element-9e5c36b elementor-widget elementor-widget-fm-elementor\" data-id=\"9e5c36b\" data-element_type=\"widget\" data-e-type=\"widget\" data-widget_type=\"fm-elementor.default\">\n\t\t\t\t<div class=\"elementor-widget-container\">\n\t\t\t\t\t<div style=\"display:none\" class=\"fm-form-container fm-theme2\"><div id=\"fm-pages6\" class=\"fm-pages wdform_page_navigation\" show_title=\"\" show_numbers=\"1\" type=\"none\"><\/div><form name=\"form6\" action=\"\/en\/wp-json\/wp\/v2\/pages\/2124\" method=\"post\" id=\"form6\" class=\"fm-form form6\" enctype=\"multipart\/form-data\" data-trp-original-action=\"\/en\/wp-json\/wp\/v2\/pages\/2124\"><input type=\"hidden\" id=\"fm_page_id6\" value=\"2124\" name=\"fm_page_id6\" \/><input type=\"hidden\" id=\"fm_current_post_type6\" value=\"page\" name=\"fm_current_post_type6\" \/><input type=\"hidden\" id=\"counter6\" value=\"9\" name=\"counter6\" \/><input type=\"hidden\" id=\"Itemid6\" value=\"\" name=\"Itemid6\" \/><input type=\"hidden\" id=\"fm_shake6\" value=\"0\" name=\"fm_shake6\" \/><input type=\"text\" class=\"fm-hide\" id=\"fm_empty_field_validation6\" value=\"\" name=\"fm_empty_field_validation6\" data-value=\"bd736efb144d599cf463541431fbf5c4\" \/><div class=\"wdform-page-and-images fm-form-builder\"><div id=\"6form_view1\" class=\"wdform_page\" page_title=\"Untitled page\" next_title=\"Next\" next_type=\"text\" next_class=\"wdform-page-button\" next_checkable=\"true\" previous_title=\"Previous\" previous_type=\"text\" previous_class=\"wdform-page-button\" previous_checkable=\"false\"><div class=\"wdform_section\"><div class=\"wdform_column\"><div wdid=\"2\" class=\"wdform_row\"><div type=\"type_text\" class=\"wdform-field wd-width-100 wd-flex wd-flex-column fm-type_text\" ><div class=\"wdform-label-section wd-width-100  wd-flex-row wd-align-items-center\">    <label  for=\"wdform_2_element6\" class=\"wdform-label\">Full name:<\/label><span class=\"wdform-required\">*<\/span><\/div><div class=\"wdform-element-section wd-flex  wd-flex-row wd-align-items-center wd-width-100\" ><input type=\"text\"                           class=\"wd-width-100\"                           id=\"wdform_2_element6\"                           name=\"wdform_2_element6\"                           value=\"\"                           data-value=\"\"                           title=\"Full name\"                           placeholder=\"Full name\"                                                       \/><\/div><\/div><\/div><\/div><div class=\"wdform_column\"><div wdid=\"3\" class=\"wdform_row\"><div type=\"type_submitter_mail\" class=\"wdform-field wd-width-100 wd-flex wd-flex-column fm-type_submitter_mail\" ><div class=\"wdform-label-section wd-width-100  wd-flex-row\">    <label  for=\"wdform_3_element6\" class=\"wdform-label\">Email contact:<\/label><span class=\"wdform-required\">*<\/span><\/div><div class=\"wdform-element-section wd-flex  wd-flex-row wd-width-100\" ><input type=\"text\" class=\"wd-width-100\" id=\"wdform_3_element6\" name=\"wdform_3_element6\" data-value=\"\" value=\"\" title=\"Email\" placeholder=\"Email\"   onchange=\"wd_check_email('3', '6', 'This is not a valid email address.')\" \/><\/div><\/div><\/div><\/div><div class=\"wdform_column\"><div wdid=\"4\" class=\"wdform_row\"><div type=\"type_phone_new\" class=\"wdform-field wd-width-100 wd-flex wd-flex-column fm-type_phone_new\" ><div class=\"wdform-label-section wd-width-100\">    <label  for=\"wdform_4_element6\" class=\"wdform-label\">Phone\/Mobile:<\/label><span class=\"wdform-required\">*<\/span><\/div><div class=\"wdform-element-section wd-flex  wd-width-100\" ><input type=\"text\"                       class=\"wd-width-100\"                       id=\"wdform_4_element6\"                       name=\"wdform_4_element6\"                       value=\"\"                       data-value=\"\"                       placeholder=\"\"  \/><\/div><\/div><\/div><\/div><div class=\"wdform_column\"><div wdid=\"5\" class=\"wdform_row\"><div type=\"type_spinner\" class=\"wdform-field wd-width-100 wd-flex wd-flex-column fm-type_spinner\" ><div class=\"wdform-label-section wd-width-100  wd-flex-row\">    <label  for=\"wdform_5_element6\" class=\"wdform-label\">Number of people:<\/label><span class=\"wdform-required\">*<\/span><\/div><div class=\"wdform-element-section wd-flex  wd-flex-row wd-width-100\" ><input                            name=\"wdform_5_element6\"                            id=\"wdform_5_element6\"                            class=\"wd-type-number\"                            onkeyup=\"wd_validate(this)\"                            data-valid-type=\"number\"                            data-form-id=\"6\"                            data-wdid=\"5\"                            style=\"width: 60px;\"                            data-value=\"\"                            value=\"\"                             \/><\/div><\/div><\/div><\/div><div class=\"wdform_column\"><div wdid=\"6\" class=\"wdform_row\" style=\"position: relative; left: 0px; top: 0px;\"><div type=\"type_date_new\" class=\"wdform-field wd-width-100 wd-flex wd-flex-column fm-type_date_new\" ><div class=\"wdform-label-section wd-width-100  wd-flex-row\">    <label  for=\"wdform_6_element6\" class=\"wdform-label\">Reservation date:<\/label><span class=\"wdform-required\">*<\/span><\/div><div class=\"wdform-element-section wd-flex  wd-flex-row wd-width-100\" ><input class=\"wd-width-100\" autocomplete=\"off\" onchange=\"wd_validate(this)\" data-form-id=\"6\" data-wdid=\"6\" data-valid-type=\"date\" type=\"text\" id=\"wdform_6_element6\" data-value=\"\" value=\"\" name=\"wdform_6_element6\"   \/><span id=\"fm-calendar-6\" class=\"dashicons dashicons-calendar-alt wd-calendar-button wd-hidden\"><\/span><input type=\"hidden\" class=\"hidden_date\" data-format=\"dd\/mm\/yy\" data-min=\"+1d\" data-max=\"\" id=\"wdform_6_button6\" value=\"\" \/><\/div><\/div><\/div><\/div><div class=\"wdform_column\"><div wdid=\"7\" class=\"wdform_row\"><div type=\"type_text\" class=\"wdform-field wd-width-100 wd-flex wd-flex-column fm-type_text\" ><div class=\"wdform-label-section wd-width-100  wd-flex-row wd-align-items-center\">    <label  for=\"wdform_7_element6\" class=\"wdform-label\">Reservation time:<\/label><span class=\"wdform-required\">*<\/span><\/div><div class=\"wdform-element-section wd-flex  wd-flex-row wd-align-items-center wd-width-100\" ><input type=\"text\"                           class=\"wd-width-100\"                           id=\"wdform_7_element6\"                           name=\"wdform_7_element6\"                           value=\"\"                           data-value=\"\"                           title=\"e.g. 3:30 PM\"                           placeholder=\"e.g. 3:30 PM\"                                                       \/><\/div><\/div><\/div><\/div><div class=\"wdform_column\"><div wdid=\"8\" class=\"wdform_row\"><div type=\"type_textarea\" class=\"wdform-field wd-width-100 wd-flex wd-flex-column fm-type_textarea\" ><div class=\"wdform-label-section wd-width-100\">    <label  for=\"wdform_8_element6\" class=\"wdform-label\">Additional notes:<\/label><\/div><div class=\"wdform-element-section wd-flex  wd-width-100\" ><textarea class=\"wd-width-100\"                      id=\"wdform_8_element6\"                      name=\"wdform_8_element6\"                      placeholder=\"\"                      data-value=\"\"                      maxlength=\"\"                      style=\"height: 100px;\"                      ><\/textarea><\/div><\/div><\/div><\/div><div class=\"wdform_column\"><div wdid=\"1\" class=\"wdform_row\"><div type=\"type_submit_reset\" class=\"wdform-field wd-width-100 wd-flex wd-flex-column fm-type_submit_reset\" ><div class=\"wdform-element-section wd-flex  wd-flex-row wd-justify-content-left wd-width-100\" ><button  type=\"button\" class=\"button-submit\" onclick=\"fm_submit_form('6');\"  data-ajax=\"0\"><span class=\"fm-submit-loading spinner fm-ico-spinner\"><\/span>Send Reservation<\/button><button  type=\"button\" class=\"button-reset wd-hidden\" onclick=\"fm_reset_form(6);\" >Reset<\/button><\/div><\/div><\/div><\/div><\/div><div valign=\"top\" class=\"wdform_footer wd-width-100\"><div class=\"wd-width-100\"><div class=\"wd-width-100 wd-table\" style=\"padding-top:10px;\"><div class=\"wd-table-group\"><div id=\"6page_nav1\" class=\"wd-table-row\"><\/div><\/div><\/div><\/div><\/div><\/div><\/div><div class=\"wdform_preload\"><\/div><input type=\"hidden\" name=\"fm-current-page\" value=\"https:\/\/nasicki-ribnjaci.hr\/en\/wp-json\/wp\/v2\/pages\/2124\" \/><input type=\"hidden\" name=\"trp-form-language\" value=\"en\"\/><\/form><\/div>\t\t\t\t<\/div>\n\t\t\t\t<\/div>\n\t\t\t\t<\/div>\n\t\t\t\t\t<\/div>\n\t\t\t\t<\/div>\n\t\t\t\t<\/div>","protected":false},"excerpt":{"rendered":"<p>REZERVACIJE Ukoliko rezervaciju \u017eelite napraviti za danas ili sutra, molimo Vas kontaktirajte nas telefonom. Va\u0161e ime i prezime* Email kontakt:* Tel\/Mob:* Broj osoba:* Datum rezervacije:* Vrijeme rezervacije:* Dodatne napomenePo\u0161aljite rezervacijuReset<\/p>","protected":false},"author":1,"featured_media":0,"parent":0,"menu_order":0,"comment_status":"closed","ping_status":"closed","template":"elementor_header_footer","meta":{"footnotes":""},"class_list":["post-2124","page","type-page","status-publish","hentry"],"blocksy_meta":[],"yoast_head":"<!-- This site is optimized with the Yoast SEO plugin v27.5 - https:\/\/yoast.com\/product\/yoast-seo-wordpress\/ -->\n<title>Rezervacije - Restoran Ribnjak Na\u0161ice | tradicija od 1905<\/title>\n<meta name=\"robots\" content=\"index, follow, max-snippet:-1, max-image-preview:large, max-video-preview:-1\" \/>\n<link rel=\"canonical\" href=\"https:\/\/nasicki-ribnjaci.hr\/en\/rezervacije\/\" \/>\n<meta property=\"og:locale\" content=\"en_GB\" \/>\n<meta property=\"og:type\" content=\"article\" \/>\n<meta property=\"og:title\" content=\"Rezervacije - Restoran Ribnjak Na\u0161ice | tradicija od 1905\" \/>\n<meta property=\"og:description\" content=\"REZERVACIJE Ukoliko rezervaciju \u017eelite napraviti za danas ili sutra, molimo Vas kontaktirajte nas telefonom. Va\u0161e ime i prezime* Email kontakt:* Tel\/Mob:* Broj osoba:* Datum rezervacije:* Vrijeme rezervacije:* Dodatne napomenePo\u0161aljite rezervacijuReset\" \/>\n<meta property=\"og:url\" content=\"https:\/\/nasicki-ribnjaci.hr\/en\/rezervacije\/\" \/>\n<meta property=\"og:site_name\" content=\"Restoran Ribnjak Na\u0161ice | tradicija od 1905\" \/>\n<meta property=\"article:publisher\" content=\"https:\/\/www.facebook.com\/pages\/Restoran-Ribnjak\/335951336482394\" \/>\n<meta property=\"article:modified_time\" content=\"2025-10-13T07:45:50+00:00\" \/>\n<meta name=\"twitter:card\" content=\"summary_large_image\" \/>\n<meta name=\"twitter:label1\" content=\"Estimated reading time\" \/>\n\t<meta name=\"twitter:data1\" content=\"1 minute\" \/>\n<script type=\"application\/ld+json\" class=\"yoast-schema-graph\">{\"@context\":\"https:\\\/\\\/schema.org\",\"@graph\":[{\"@type\":\"WebPage\",\"@id\":\"https:\\\/\\\/nasicki-ribnjaci.hr\\\/rezervacije\\\/\",\"url\":\"https:\\\/\\\/nasicki-ribnjaci.hr\\\/rezervacije\\\/\",\"name\":\"Rezervacije - Restoran Ribnjak Na\u0161ice | tradicija od 1905\",\"isPartOf\":{\"@id\":\"https:\\\/\\\/nasicki-ribnjaci.hr\\\/#website\"},\"datePublished\":\"2025-04-19T12:54:19+00:00\",\"dateModified\":\"2025-10-13T07:45:50+00:00\",\"breadcrumb\":{\"@id\":\"https:\\\/\\\/nasicki-ribnjaci.hr\\\/rezervacije\\\/#breadcrumb\"},\"inLanguage\":\"en-GB\",\"potentialAction\":[{\"@type\":\"ReadAction\",\"target\":[\"https:\\\/\\\/nasicki-ribnjaci.hr\\\/rezervacije\\\/\"]}]},{\"@type\":\"BreadcrumbList\",\"@id\":\"https:\\\/\\\/nasicki-ribnjaci.hr\\\/rezervacije\\\/#breadcrumb\",\"itemListElement\":[{\"@type\":\"ListItem\",\"position\":1,\"name\":\"Po\u010detna stranica\",\"item\":\"https:\\\/\\\/nasicki-ribnjaci.hr\\\/\"},{\"@type\":\"ListItem\",\"position\":2,\"name\":\"Rezervacije\"}]},{\"@type\":\"WebSite\",\"@id\":\"https:\\\/\\\/nasicki-ribnjaci.hr\\\/#website\",\"url\":\"https:\\\/\\\/nasicki-ribnjaci.hr\\\/\",\"name\":\"Restoran Ribnjak Na\u0161ice | tradicija od 1905\",\"description\":\"Pripremamo razne riblje i mesne slavonske specijalitete\",\"publisher\":{\"@id\":\"https:\\\/\\\/nasicki-ribnjaci.hr\\\/#organization\"},\"potentialAction\":[{\"@type\":\"SearchAction\",\"target\":{\"@type\":\"EntryPoint\",\"urlTemplate\":\"https:\\\/\\\/nasicki-ribnjaci.hr\\\/?s={search_term_string}\"},\"query-input\":{\"@type\":\"PropertyValueSpecification\",\"valueRequired\":true,\"valueName\":\"search_term_string\"}}],\"inLanguage\":\"en-GB\"},{\"@type\":\"Organization\",\"@id\":\"https:\\\/\\\/nasicki-ribnjaci.hr\\\/#organization\",\"name\":\"Restoran Ribnjak Na\u0161ice\",\"url\":\"https:\\\/\\\/nasicki-ribnjaci.hr\\\/\",\"logo\":{\"@type\":\"ImageObject\",\"inLanguage\":\"en-GB\",\"@id\":\"https:\\\/\\\/nasicki-ribnjaci.hr\\\/#\\\/schema\\\/logo\\\/image\\\/\",\"url\":\"https:\\\/\\\/nasicki-ribnjaci.hr\\\/wp-content\\\/uploads\\\/2024\\\/01\\\/logo-r-03.svg\",\"contentUrl\":\"https:\\\/\\\/nasicki-ribnjaci.hr\\\/wp-content\\\/uploads\\\/2024\\\/01\\\/logo-r-03.svg\",\"width\":566,\"height\":421,\"caption\":\"Restoran Ribnjak Na\u0161ice\"},\"image\":{\"@id\":\"https:\\\/\\\/nasicki-ribnjaci.hr\\\/#\\\/schema\\\/logo\\\/image\\\/\"},\"sameAs\":[\"https:\\\/\\\/www.facebook.com\\\/pages\\\/Restoran-Ribnjak\\\/335951336482394\"]}]}<\/script>\n<!-- \/ Yoast SEO plugin. -->","yoast_head_json":{"title":"Rezervacije - Restoran Ribnjak Na\u0161ice | tradicija od 1905","robots":{"index":"index","follow":"follow","max-snippet":"max-snippet:-1","max-image-preview":"max-image-preview:large","max-video-preview":"max-video-preview:-1"},"canonical":"https:\/\/nasicki-ribnjaci.hr\/en\/rezervacije\/","og_locale":"en_GB","og_type":"article","og_title":"Rezervacije - Restoran Ribnjak Na\u0161ice | tradicija od 1905","og_description":"REZERVACIJE Ukoliko rezervaciju \u017eelite napraviti za danas ili sutra, molimo Vas kontaktirajte nas telefonom. Va\u0161e ime i prezime* Email kontakt:* Tel\/Mob:* Broj osoba:* Datum rezervacije:* Vrijeme rezervacije:* Dodatne napomenePo\u0161aljite rezervacijuReset","og_url":"https:\/\/nasicki-ribnjaci.hr\/en\/rezervacije\/","og_site_name":"Restoran Ribnjak Na\u0161ice | tradicija od 1905","article_publisher":"https:\/\/www.facebook.com\/pages\/Restoran-Ribnjak\/335951336482394","article_modified_time":"2025-10-13T07:45:50+00:00","twitter_card":"summary_large_image","twitter_misc":{"Estimated reading time":"1 minute"},"schema":{"@context":"https:\/\/schema.org","@graph":[{"@type":"WebPage","@id":"https:\/\/nasicki-ribnjaci.hr\/rezervacije\/","url":"https:\/\/nasicki-ribnjaci.hr\/rezervacije\/","name":"Rezervacije - Restoran Ribnjak Na\u0161ice | tradicija od 1905","isPartOf":{"@id":"https:\/\/nasicki-ribnjaci.hr\/#website"},"datePublished":"2025-04-19T12:54:19+00:00","dateModified":"2025-10-13T07:45:50+00:00","breadcrumb":{"@id":"https:\/\/nasicki-ribnjaci.hr\/rezervacije\/#breadcrumb"},"inLanguage":"en-GB","potentialAction":[{"@type":"ReadAction","target":["https:\/\/nasicki-ribnjaci.hr\/rezervacije\/"]}]},{"@type":"BreadcrumbList","@id":"https:\/\/nasicki-ribnjaci.hr\/rezervacije\/#breadcrumb","itemListElement":[{"@type":"ListItem","position":1,"name":"Po\u010detna stranica","item":"https:\/\/nasicki-ribnjaci.hr\/"},{"@type":"ListItem","position":2,"name":"Rezervacije"}]},{"@type":"WebSite","@id":"https:\/\/nasicki-ribnjaci.hr\/#website","url":"https:\/\/nasicki-ribnjaci.hr\/","name":"Restoran Ribnjak Na\u0161ice | tradicija od 1905","description":"Pripremamo razne riblje i mesne slavonske specijalitete","publisher":{"@id":"https:\/\/nasicki-ribnjaci.hr\/#organization"},"potentialAction":[{"@type":"SearchAction","target":{"@type":"EntryPoint","urlTemplate":"https:\/\/nasicki-ribnjaci.hr\/?s={search_term_string}"},"query-input":{"@type":"PropertyValueSpecification","valueRequired":true,"valueName":"search_term_string"}}],"inLanguage":"en-GB"},{"@type":"Organization","@id":"https:\/\/nasicki-ribnjaci.hr\/#organization","name":"Restoran Ribnjak Na\u0161ice","url":"https:\/\/nasicki-ribnjaci.hr\/","logo":{"@type":"ImageObject","inLanguage":"en-GB","@id":"https:\/\/nasicki-ribnjaci.hr\/#\/schema\/logo\/image\/","url":"https:\/\/nasicki-ribnjaci.hr\/wp-content\/uploads\/2024\/01\/logo-r-03.svg","contentUrl":"https:\/\/nasicki-ribnjaci.hr\/wp-content\/uploads\/2024\/01\/logo-r-03.svg","width":566,"height":421,"caption":"Restoran Ribnjak Na\u0161ice"},"image":{"@id":"https:\/\/nasicki-ribnjaci.hr\/#\/schema\/logo\/image\/"},"sameAs":["https:\/\/www.facebook.com\/pages\/Restoran-Ribnjak\/335951336482394"]}]}},"_links":{"self":[{"href":"https:\/\/nasicki-ribnjaci.hr\/en\/wp-json\/wp\/v2\/pages\/2124","targetHints":{"allow":["GET"]}}],"collection":[{"href":"https:\/\/nasicki-ribnjaci.hr\/en\/wp-json\/wp\/v2\/pages"}],"about":[{"href":"https:\/\/nasicki-ribnjaci.hr\/en\/wp-json\/wp\/v2\/types\/page"}],"author":[{"embeddable":true,"href":"https:\/\/nasicki-ribnjaci.hr\/en\/wp-json\/wp\/v2\/users\/1"}],"replies":[{"embeddable":true,"href":"https:\/\/nasicki-ribnjaci.hr\/en\/wp-json\/wp\/v2\/comments?post=2124"}],"version-history":[{"count":34,"href":"https:\/\/nasicki-ribnjaci.hr\/en\/wp-json\/wp\/v2\/pages\/2124\/revisions"}],"predecessor-version":[{"id":2263,"href":"https:\/\/nasicki-ribnjaci.hr\/en\/wp-json\/wp\/v2\/pages\/2124\/revisions\/2263"}],"wp:attachment":[{"href":"https:\/\/nasicki-ribnjaci.hr\/en\/wp-json\/wp\/v2\/media?parent=2124"}],"curies":[{"name":"wp","href":"https:\/\/api.w.org\/{rel}","templated":true}]}}