{"id":2,"date":"2024-01-09T16:31:22","date_gmt":"2024-01-09T15:31:22","guid":{"rendered":"https:\/\/nasicki-ribnjaci.hr\/?page_id=2"},"modified":"2024-01-09T16:31:22","modified_gmt":"2024-01-09T15:31:22","slug":"primjer-stranice","status":"publish","type":"page","link":"https:\/\/nasicki-ribnjaci.hr\/en\/primjer-stranice\/","title":{"rendered":"Primjer stranice"},"content":{"rendered":"<p>Ovo je primjer stranice. Razlikuje se od blog objave jer se stalno nalazi na istom mjestu i prikazati \u0107e se u izborniku va\u0161e web-stranice (u ve\u0107ini tema). Ve\u0107ina ljudi zapo\u010dinje s &#8220;O meni&#8221; stranicom koja ih predstavlja potencijalnim posjetiteljima web stranice. Na primjer mo\u017ee sadr\u017eavati:<\/p>\n\n\n\n<blockquote class=\"wp-block-quote is-layout-flow wp-block-quote-is-layout-flow\"><p>Pozdrav! Ja sam dostavlja\u010d paketa tijekom dana, nadahnuti glumac tijekom no\u0107i i ovo je moja web-stranica. \u017divim u Vara\u017edinu, imam predobrog psa koji se zove Floki i volim pi\u00f1a colada. (I da me ponekad ulovi ki\u0161a bez ki\u0161obrana.)<\/p><\/blockquote>\n\n\n\n<p>&#8230;ili ne\u0161to poput ovoga:<\/p>\n\n\n\n<blockquote class=\"wp-block-quote is-layout-flow wp-block-quote-is-layout-flow\"><p>Tvrtka XYZ Doohickey osnovana je 1971. godine i od tada pru\u017ea kvalitetne doohickejeve javnosti. Smje\u0161ten u gradu Gotham, XYZ zapo\u0161ljava vi\u0161e od 2.000 ljudi i \u010dini sve vrste fenomenalnih stvari za Gotham zajednicu.<\/p><\/blockquote>\n\n\n\n<p>Kao novi WordPress korisnik, trebali biste posjetiti <a href=\"https:\/\/nasicki-ribnjaci.hr\/wp-admin\/\">nadzornu plo\u010du<\/a> kako biste obrisali ovu stranicu i kreirali nove stranice za svoj sadr\u017eaj. U\u017eivajte!<\/p>","protected":false},"excerpt":{"rendered":"<p>Ovo je primjer stranice. Razlikuje se od blog objave jer se stalno nalazi na istom mjestu i prikazati \u0107e se u izborniku va\u0161e web-stranice (u ve\u0107ini tema). Ve\u0107ina ljudi zapo\u010dinje s &#8220;O meni&#8221; stranicom koja ih predstavlja potencijalnim posjetiteljima web stranice. Na primjer mo\u017ee sadr\u017eavati: Pozdrav! Ja sam dostavlja\u010d paketa tijekom dana, nadahnuti glumac tijekom [&hellip;]<\/p>","protected":false},"author":1,"featured_media":0,"parent":0,"menu_order":0,"comment_status":"closed","ping_status":"open","template":"","meta":{"footnotes":""},"class_list":["post-2","page","type-page","status-publish","hentry"],"blocksy_meta":[],"yoast_head":"<!-- This site is optimized with the Yoast SEO plugin v27.4 - https:\/\/yoast.com\/product\/yoast-seo-wordpress\/ -->\n<title>Primjer stranice - Restoran Ribnjak Na\u0161ice | tradicija od 1905<\/title>\n<meta name=\"robots\" content=\"index, follow, max-snippet:-1, max-image-preview:large, max-video-preview:-1\" \/>\n<link rel=\"canonical\" href=\"https:\/\/nasicki-ribnjaci.hr\/en\/primjer-stranice\/\" \/>\n<meta property=\"og:locale\" content=\"en_GB\" \/>\n<meta property=\"og:type\" content=\"article\" \/>\n<meta property=\"og:title\" content=\"Primjer stranice - Restoran Ribnjak Na\u0161ice | tradicija od 1905\" \/>\n<meta property=\"og:description\" content=\"Ovo je primjer stranice. Razlikuje se od blog objave jer se stalno nalazi na istom mjestu i prikazati \u0107e se u izborniku va\u0161e web-stranice (u ve\u0107ini tema). Ve\u0107ina ljudi zapo\u010dinje s &#8220;O meni&#8221; stranicom koja ih predstavlja potencijalnim posjetiteljima web stranice. Na primjer mo\u017ee sadr\u017eavati: Pozdrav! Ja sam dostavlja\u010d paketa tijekom dana, nadahnuti glumac tijekom [&hellip;]\" \/>\n<meta property=\"og:url\" content=\"https:\/\/nasicki-ribnjaci.hr\/en\/primjer-stranice\/\" \/>\n<meta property=\"og:site_name\" content=\"Restoran Ribnjak Na\u0161ice | tradicija od 1905\" \/>\n<meta property=\"article:publisher\" content=\"https:\/\/www.facebook.com\/pages\/Restoran-Ribnjak\/335951336482394\" \/>\n<meta name=\"twitter:card\" content=\"summary_large_image\" \/>\n<meta name=\"twitter:label1\" content=\"Estimated reading time\" \/>\n\t<meta name=\"twitter:data1\" content=\"1 minute\" \/>\n<script type=\"application\/ld+json\" class=\"yoast-schema-graph\">{\"@context\":\"https:\\\/\\\/schema.org\",\"@graph\":[{\"@type\":\"WebPage\",\"@id\":\"https:\\\/\\\/nasicki-ribnjaci.hr\\\/primjer-stranice\\\/\",\"url\":\"https:\\\/\\\/nasicki-ribnjaci.hr\\\/primjer-stranice\\\/\",\"name\":\"Primjer stranice - Restoran Ribnjak Na\u0161ice | tradicija od 1905\",\"isPartOf\":{\"@id\":\"https:\\\/\\\/nasicki-ribnjaci.hr\\\/#website\"},\"datePublished\":\"2024-01-09T15:31:22+00:00\",\"breadcrumb\":{\"@id\":\"https:\\\/\\\/nasicki-ribnjaci.hr\\\/primjer-stranice\\\/#breadcrumb\"},\"inLanguage\":\"en-GB\",\"potentialAction\":[{\"@type\":\"ReadAction\",\"target\":[\"https:\\\/\\\/nasicki-ribnjaci.hr\\\/primjer-stranice\\\/\"]}]},{\"@type\":\"BreadcrumbList\",\"@id\":\"https:\\\/\\\/nasicki-ribnjaci.hr\\\/primjer-stranice\\\/#breadcrumb\",\"itemListElement\":[{\"@type\":\"ListItem\",\"position\":1,\"name\":\"Po\u010detna stranica\",\"item\":\"https:\\\/\\\/nasicki-ribnjaci.hr\\\/\"},{\"@type\":\"ListItem\",\"position\":2,\"name\":\"Primjer stranice\"}]},{\"@type\":\"WebSite\",\"@id\":\"https:\\\/\\\/nasicki-ribnjaci.hr\\\/#website\",\"url\":\"https:\\\/\\\/nasicki-ribnjaci.hr\\\/\",\"name\":\"Restoran Ribnjak Na\u0161ice | tradicija od 1905\",\"description\":\"Pripremamo razne riblje i mesne slavonske specijalitete\",\"publisher\":{\"@id\":\"https:\\\/\\\/nasicki-ribnjaci.hr\\\/#organization\"},\"potentialAction\":[{\"@type\":\"SearchAction\",\"target\":{\"@type\":\"EntryPoint\",\"urlTemplate\":\"https:\\\/\\\/nasicki-ribnjaci.hr\\\/?s={search_term_string}\"},\"query-input\":{\"@type\":\"PropertyValueSpecification\",\"valueRequired\":true,\"valueName\":\"search_term_string\"}}],\"inLanguage\":\"en-GB\"},{\"@type\":\"Organization\",\"@id\":\"https:\\\/\\\/nasicki-ribnjaci.hr\\\/#organization\",\"name\":\"Restoran Ribnjak Na\u0161ice\",\"url\":\"https:\\\/\\\/nasicki-ribnjaci.hr\\\/\",\"logo\":{\"@type\":\"ImageObject\",\"inLanguage\":\"en-GB\",\"@id\":\"https:\\\/\\\/nasicki-ribnjaci.hr\\\/#\\\/schema\\\/logo\\\/image\\\/\",\"url\":\"https:\\\/\\\/nasicki-ribnjaci.hr\\\/wp-content\\\/uploads\\\/2024\\\/01\\\/logo-r-03.svg\",\"contentUrl\":\"https:\\\/\\\/nasicki-ribnjaci.hr\\\/wp-content\\\/uploads\\\/2024\\\/01\\\/logo-r-03.svg\",\"width\":566,\"height\":421,\"caption\":\"Restoran Ribnjak Na\u0161ice\"},\"image\":{\"@id\":\"https:\\\/\\\/nasicki-ribnjaci.hr\\\/#\\\/schema\\\/logo\\\/image\\\/\"},\"sameAs\":[\"https:\\\/\\\/www.facebook.com\\\/pages\\\/Restoran-Ribnjak\\\/335951336482394\"]}]}<\/script>\n<!-- \/ Yoast SEO plugin. -->","yoast_head_json":{"title":"Primjer stranice - Restoran Ribnjak Na\u0161ice | tradicija od 1905","robots":{"index":"index","follow":"follow","max-snippet":"max-snippet:-1","max-image-preview":"max-image-preview:large","max-video-preview":"max-video-preview:-1"},"canonical":"https:\/\/nasicki-ribnjaci.hr\/en\/primjer-stranice\/","og_locale":"en_GB","og_type":"article","og_title":"Primjer stranice - Restoran Ribnjak Na\u0161ice | tradicija od 1905","og_description":"Ovo je primjer stranice. Razlikuje se od blog objave jer se stalno nalazi na istom mjestu i prikazati \u0107e se u izborniku va\u0161e web-stranice (u ve\u0107ini tema). Ve\u0107ina ljudi zapo\u010dinje s &#8220;O meni&#8221; stranicom koja ih predstavlja potencijalnim posjetiteljima web stranice. Na primjer mo\u017ee sadr\u017eavati: Pozdrav! Ja sam dostavlja\u010d paketa tijekom dana, nadahnuti glumac tijekom [&hellip;]","og_url":"https:\/\/nasicki-ribnjaci.hr\/en\/primjer-stranice\/","og_site_name":"Restoran Ribnjak Na\u0161ice | tradicija od 1905","article_publisher":"https:\/\/www.facebook.com\/pages\/Restoran-Ribnjak\/335951336482394","twitter_card":"summary_large_image","twitter_misc":{"Estimated reading time":"1 minute"},"schema":{"@context":"https:\/\/schema.org","@graph":[{"@type":"WebPage","@id":"https:\/\/nasicki-ribnjaci.hr\/primjer-stranice\/","url":"https:\/\/nasicki-ribnjaci.hr\/primjer-stranice\/","name":"Primjer stranice - Restoran Ribnjak Na\u0161ice | tradicija od 1905","isPartOf":{"@id":"https:\/\/nasicki-ribnjaci.hr\/#website"},"datePublished":"2024-01-09T15:31:22+00:00","breadcrumb":{"@id":"https:\/\/nasicki-ribnjaci.hr\/primjer-stranice\/#breadcrumb"},"inLanguage":"en-GB","potentialAction":[{"@type":"ReadAction","target":["https:\/\/nasicki-ribnjaci.hr\/primjer-stranice\/"]}]},{"@type":"BreadcrumbList","@id":"https:\/\/nasicki-ribnjaci.hr\/primjer-stranice\/#breadcrumb","itemListElement":[{"@type":"ListItem","position":1,"name":"Po\u010detna stranica","item":"https:\/\/nasicki-ribnjaci.hr\/"},{"@type":"ListItem","position":2,"name":"Primjer stranice"}]},{"@type":"WebSite","@id":"https:\/\/nasicki-ribnjaci.hr\/#website","url":"https:\/\/nasicki-ribnjaci.hr\/","name":"Restoran Ribnjak Na\u0161ice | tradicija od 1905","description":"Pripremamo razne riblje i mesne slavonske specijalitete","publisher":{"@id":"https:\/\/nasicki-ribnjaci.hr\/#organization"},"potentialAction":[{"@type":"SearchAction","target":{"@type":"EntryPoint","urlTemplate":"https:\/\/nasicki-ribnjaci.hr\/?s={search_term_string}"},"query-input":{"@type":"PropertyValueSpecification","valueRequired":true,"valueName":"search_term_string"}}],"inLanguage":"en-GB"},{"@type":"Organization","@id":"https:\/\/nasicki-ribnjaci.hr\/#organization","name":"Restoran Ribnjak Na\u0161ice","url":"https:\/\/nasicki-ribnjaci.hr\/","logo":{"@type":"ImageObject","inLanguage":"en-GB","@id":"https:\/\/nasicki-ribnjaci.hr\/#\/schema\/logo\/image\/","url":"https:\/\/nasicki-ribnjaci.hr\/wp-content\/uploads\/2024\/01\/logo-r-03.svg","contentUrl":"https:\/\/nasicki-ribnjaci.hr\/wp-content\/uploads\/2024\/01\/logo-r-03.svg","width":566,"height":421,"caption":"Restoran Ribnjak Na\u0161ice"},"image":{"@id":"https:\/\/nasicki-ribnjaci.hr\/#\/schema\/logo\/image\/"},"sameAs":["https:\/\/www.facebook.com\/pages\/Restoran-Ribnjak\/335951336482394"]}]}},"_links":{"self":[{"href":"https:\/\/nasicki-ribnjaci.hr\/en\/wp-json\/wp\/v2\/pages\/2","targetHints":{"allow":["GET"]}}],"collection":[{"href":"https:\/\/nasicki-ribnjaci.hr\/en\/wp-json\/wp\/v2\/pages"}],"about":[{"href":"https:\/\/nasicki-ribnjaci.hr\/en\/wp-json\/wp\/v2\/types\/page"}],"author":[{"embeddable":true,"href":"https:\/\/nasicki-ribnjaci.hr\/en\/wp-json\/wp\/v2\/users\/1"}],"replies":[{"embeddable":true,"href":"https:\/\/nasicki-ribnjaci.hr\/en\/wp-json\/wp\/v2\/comments?post=2"}],"version-history":[{"count":0,"href":"https:\/\/nasicki-ribnjaci.hr\/en\/wp-json\/wp\/v2\/pages\/2\/revisions"}],"wp:attachment":[{"href":"https:\/\/nasicki-ribnjaci.hr\/en\/wp-json\/wp\/v2\/media?parent=2"}],"curies":[{"name":"wp","href":"https:\/\/api.w.org\/{rel}","templated":true}]}}