{"id":1715,"date":"2024-03-06T10:07:11","date_gmt":"2024-03-06T09:07:11","guid":{"rendered":"https:\/\/nasicki-ribnjaci.hr\/?page_id=1715"},"modified":"2025-04-21T10:50:51","modified_gmt":"2025-04-21T08:50:51","slug":"sportska-ponuda","status":"publish","type":"page","link":"https:\/\/nasicki-ribnjaci.hr\/en\/sportska-ponuda\/","title":{"rendered":"Fishing"},"content":{"rendered":"<div data-elementor-type=\"wp-page\" data-elementor-id=\"1715\" class=\"elementor elementor-1715\">\n\t\t\t\t<div class=\"elementor-element elementor-element-fd88d29 e-flex e-con-boxed e-con e-parent\" data-id=\"fd88d29\" data-element_type=\"container\" data-e-type=\"container\" data-settings=\"{&quot;background_background&quot;:&quot;gradient&quot;}\">\n\t\t\t\t\t<div class=\"e-con-inner\">\n\t\t\t\t\t<\/div>\n\t\t\t\t<\/div>\n\t\t<div class=\"elementor-element elementor-element-813a6e0 e-flex e-con-boxed e-con e-parent\" data-id=\"813a6e0\" data-element_type=\"container\" data-e-type=\"container\">\n\t\t\t\t\t<div class=\"e-con-inner\">\n\t\t<div class=\"elementor-element elementor-element-748992e e-flex e-con-boxed e-con e-child\" data-id=\"748992e\" data-element_type=\"container\" data-e-type=\"container\" data-settings=\"{&quot;background_background&quot;:&quot;classic&quot;}\">\n\t\t\t\t\t<div class=\"e-con-inner\">\n\t\t<div class=\"elementor-element elementor-element-d160ec4 e-flex e-con-boxed e-con e-child\" data-id=\"d160ec4\" data-element_type=\"container\" data-e-type=\"container\" data-settings=\"{&quot;background_background&quot;:&quot;classic&quot;}\">\n\t\t\t\t\t<div class=\"e-con-inner\">\n\t\t\t\t<div class=\"elementor-element elementor-element-b83c0f0 elementor-widget elementor-widget-heading\" data-id=\"b83c0f0\" data-element_type=\"widget\" data-e-type=\"widget\" data-widget_type=\"heading.default\">\n\t\t\t\t<div class=\"elementor-widget-container\">\n\t\t\t\t\t<h3 class=\"elementor-heading-title elementor-size-default\">Fishing and Hunting<\/h3>\t\t\t\t<\/div>\n\t\t\t\t<\/div>\n\t\t\t\t\t<\/div>\n\t\t\t\t<\/div>\n\t\t\t\t\t<\/div>\n\t\t\t\t<\/div>\n\t\t\t\t<div class=\"elementor-element elementor-element-43b0c5c elementor-widget-divider--separator-type-pattern elementor-widget-divider--view-line elementor-widget elementor-widget-divider\" data-id=\"43b0c5c\" data-element_type=\"widget\" data-e-type=\"widget\" data-widget_type=\"divider.default\">\n\t\t\t\t<div class=\"elementor-widget-container\">\n\t\t\t\t\t\t\t<div class=\"elementor-divider\" style=\"--divider-pattern-url: url(&quot;data:image\/svg+xml,%3Csvg xmlns=&#039;http:\/\/www.w3.org\/2000\/svg&#039; preserveAspectRatio=&#039;none&#039; overflow=&#039;visible&#039; height=&#039;100%&#039; viewBox=&#039;0 0 24 24&#039; fill=&#039;none&#039; stroke=&#039;black&#039; stroke-width=&#039;1&#039; stroke-linecap=&#039;square&#039; stroke-miterlimit=&#039;10&#039;%3E%3Cpath d=&#039;M0,6c6,0,6,13,12,13S18,6,24,6&#039;\/%3E%3C\/svg%3E&quot;);\">\n\t\t\t<span class=\"elementor-divider-separator\">\n\t\t\t\t\t\t<\/span>\n\t\t<\/div>\n\t\t\t\t\t\t<\/div>\n\t\t\t\t<\/div>\n\t\t\t\t\t<\/div>\n\t\t\t\t<\/div>\n\t\t<div class=\"elementor-element elementor-element-dcb682b e-flex e-con-boxed e-con e-parent\" data-id=\"dcb682b\" data-element_type=\"container\" data-e-type=\"container\">\n\t\t\t\t\t<div class=\"e-con-inner\">\n\t\t\t\t<div class=\"elementor-element elementor-element-c5f0192 elementor-invisible elementor-widget elementor-widget-heading\" data-id=\"c5f0192\" data-element_type=\"widget\" data-e-type=\"widget\" data-settings=\"{&quot;_animation&quot;:&quot;fadeInRight&quot;}\" data-widget_type=\"heading.default\">\n\t\t\t\t<div class=\"elementor-widget-container\">\n\t\t\t\t\t<h2 class=\"elementor-heading-title elementor-size-default\">Sport Fishing<\/h2>\t\t\t\t<\/div>\n\t\t\t\t<\/div>\n\t\t\t\t<div class=\"elementor-element elementor-element-cd57f5a elementor-widget elementor-widget-text-editor\" data-id=\"cd57f5a\" data-element_type=\"widget\" data-e-type=\"widget\" data-widget_type=\"text-editor.default\">\n\t\t\t\t<div class=\"elementor-widget-container\">\n\t\t\t\t\t\t\t\t\t<p class=\"translation-block\" data-start=\"188\" data-end=\"277\">Experience top-tier <b>sport fishing<\/b> at one of the largest fishing areas in Croatia \u2013 <b>Lake \u0160andor (70 ha) and Lake Petar (30 ha)<\/b>, covering a total of <b>100 hectares<\/b>. Nestled in unspoiled nature, these lakes offer the perfect setting for <b>anglers of all experience levels<\/b>. Nearby, a <b>restaurant and guesthouse<\/b> provide the ideal place to relax and enjoy local specialties after a day of fishing.<\/p><p class=\"translation-block\" data-start=\"697\" data-end=\"952\">The <b>\u201cCATCH AND RELEASE\u201d rule<\/b> applies to carp, while anglers are allowed to keep <b>one grass carp (amur) per day, up to 10 kg<\/b>. Fishing for other species (such as pike-perch, catfish, silver bream, bullhead, etc.) is not restricted, except as regulated by current fishing measures and closed seasons.<\/p><h3 class=\"\" data-start=\"954\" data-end=\"1005\">Fishing Rules for \u0160andor and Petar Retention Lakes:<\/h3><ul data-start=\"1006\" data-end=\"1591\"><li class=\"\" data-start=\"1006\" data-end=\"1051\"><p class=\"translation-block\" data-start=\"1008\" data-end=\"1051\">Fishing is <b>permitted from the shore only<\/b>.<\/p><\/li><li class=\"\" data-start=\"1052\" data-end=\"1107\"><p class=\"translation-block\" data-start=\"1054\" data-end=\"1107\"><strong>Anglers may use three rods<\/strong>, each with a single hook.<\/p><\/li><li class=\"\" data-start=\"1108\" data-end=\"1249\"><p class=\"translation-block\" data-start=\"1110\" data-end=\"1249\"><b>Fishing permits (daily, 3-day, 7-day) must be purchased at the restaurant. Access to the water without a valid permit is prohibited<\/b>.<\/p><\/li><li class=\"\" data-start=\"1250\" data-end=\"1307\"><p class=\"translation-block\" data-start=\"1252\" data-end=\"1307\">The \u201ccatch and release\u201d rule applies exclusively to <b>carp<\/b>.<\/p><\/li><li class=\"\" data-start=\"1308\" data-end=\"1365\"><p class=\"translation-block\" data-start=\"1310\" data-end=\"1365\">It is permitted to keep one <b>grass carp per day, up to 10 kg<\/b>.<\/p><\/li><li class=\"\" data-start=\"1366\" data-end=\"1528\"><p class=\"\" data-start=\"1368\" data-end=\"1428\">There are no restrictions on catching and keeping other fish species, except for the following:<\/p><ul data-start=\"1431\" data-end=\"1528\"><li class=\"\" data-start=\"1431\" data-end=\"1492\"><p class=\"\" data-start=\"1433\" data-end=\"1492\"><strong data-start=\"1433\" data-end=\"1492\"><b>Pike-perch: Minimum length 40 cm, closed season from March 1 to May 31.<\/b><\/strong><\/p><\/li><li class=\"\" data-start=\"1495\" data-end=\"1528\"><p class=\"\" data-start=\"1497\" data-end=\"1528\"><strong data-start=\"1497\" data-end=\"1528\"><b>Catfish: Minimum length 60 cm.<\/b><\/strong><\/p><\/li><\/ul><\/li><li class=\"\" data-start=\"1529\" data-end=\"1591\"><p class=\"translation-block\" data-start=\"1531\" data-end=\"1591\">All trash must be disposed of in bins or taken with you.<\/p><\/li><\/ul><p class=\"\" data-start=\"1593\" data-end=\"1697\">These rules are designed to preserve natural balance, fish populations, and a high-quality experience for all visitors.<\/p><hr class=\"\" data-start=\"1699\" data-end=\"1702\" \/><p class=\"\" data-start=\"1704\" data-end=\"1762\"><strong data-start=\"1704\" data-end=\"1762\"><b>Enjoy a perfect fishing day in the heart of nature. Tight lines!<\/b><\/strong><\/p>\t\t\t\t\t\t\t\t<\/div>\n\t\t\t\t<\/div>\n\t\t\t\t<div class=\"elementor-element elementor-element-bb369c2 elementor-invisible elementor-widget elementor-widget-heading\" data-id=\"bb369c2\" data-element_type=\"widget\" data-e-type=\"widget\" data-settings=\"{&quot;_animation&quot;:&quot;fadeInRight&quot;}\" data-widget_type=\"heading.default\">\n\t\t\t\t<div class=\"elementor-widget-container\">\n\t\t\t\t\t<h2 class=\"elementor-heading-title elementor-size-default\">Hunting<\/h2>\t\t\t\t<\/div>\n\t\t\t\t<\/div>\n\t\t\t\t<div class=\"elementor-element elementor-element-d2078d0 elementor-widget elementor-widget-text-editor\" data-id=\"d2078d0\" data-element_type=\"widget\" data-e-type=\"widget\" data-widget_type=\"text-editor.default\">\n\t\t\t\t<div class=\"elementor-widget-container\">\n\t\t\t\t\t\t\t\t\t<p class=\"translation-block\" data-start=\"208\" data-end=\"588\">Spread across an impressive <b>1,196 hectares<\/b> of fishpond terrain lies a modern breeding ground and hunting area for wild ducks and coots \u2013 one of <b>the most attractive destinations for hunting tourism<\/b> in Croatia. This lowland hunting ground, located at an elevation of <b>98 to 104 meters<\/b>, is rich in water throughout the year, providing ideal conditions for diverse wildlife and plant species.<\/p>\n<p class=\"translation-block\" data-start=\"590\" data-end=\"878\">Lush vegetation\u2014including reeds, cattails, sedges, ferns, water lilies, and floating nuts\u2014provides a natural habitat for various bird and game species. The population of game is carefully managed in line with fish farming activities, ensuring an optimal balance and the preservation of the natural ecosystem.<\/p>\n<p class=\"translation-block\" data-start=\"880\" data-end=\"1011\">In addition to being ideal for hunting, this breeding ground also serves as a <b>resting stop for many migratory birds<\/b> that pass over the fishponds throughout the year.<\/p>\n<p class=\"\" data-start=\"1013\" data-end=\"1063\"><strong data-start=\"1013\" data-end=\"1063\"><b>The infrastructure for hunters is highly developed:<\/b><\/strong><\/p>\n<ul data-start=\"1064\" data-end=\"1329\">\n<li class=\"\" data-start=\"1064\" data-end=\"1111\">\n<p class=\"translation-block\" data-start=\"1066\" data-end=\"1111\"><b>20 boats<\/b> available to transport hunters to blinds<\/p>\n<\/li>\n<li class=\"\" data-start=\"1112\" data-end=\"1177\">\n<p class=\"translation-block\" data-start=\"1114\" data-end=\"1177\"><b>8 movable hunting blinds<\/b> that can be relocated as needed<\/p>\n<\/li>\n<li class=\"\" data-start=\"1178\" data-end=\"1249\">\n<p class=\"translation-block\" data-start=\"1180\" data-end=\"1249\"><b>15 kilometers of maintained embankments<\/b> with a narrow-gauge railway<\/p>\n<\/li>\n<li class=\"\" data-start=\"1250\" data-end=\"1329\">\n<p class=\"translation-block\" data-start=\"1252\" data-end=\"1329\">Accommodation, <b>restaurant<\/b>, and additional facilities for <b>rest and recreation<\/b><\/p>\n<\/li>\n<\/ul>\n<p class=\"translation-block\" data-start=\"1331\" data-end=\"1518\">Thanks to the <b>mild continental climate<\/b>, hunting conditions are favorable for most of the year, making this destination a top choice for <b>hunters and nature enthusiasts alike<\/b>.<\/p>\n<p class=\"\" style=\"text-align: left;\" data-start=\"1520\" data-end=\"1534\"><strong data-start=\"1520\" data-end=\"1534\"><b>Good hunting!<\/b><\/strong><\/p>\t\t\t\t\t\t\t\t<\/div>\n\t\t\t\t<\/div>\n\t\t\t\t<div class=\"elementor-element elementor-element-fcafddc elementor-widget elementor-widget-spacer\" data-id=\"fcafddc\" data-element_type=\"widget\" data-e-type=\"widget\" data-widget_type=\"spacer.default\">\n\t\t\t\t<div class=\"elementor-widget-container\">\n\t\t\t\t\t\t\t<div class=\"elementor-spacer\">\n\t\t\t<div class=\"elementor-spacer-inner\"><\/div>\n\t\t<\/div>\n\t\t\t\t\t\t<\/div>\n\t\t\t\t<\/div>\n\t\t\t\t<div class=\"elementor-element elementor-element-2c4c904 elementor-widget elementor-widget-text-editor\" data-id=\"2c4c904\" data-element_type=\"widget\" data-e-type=\"widget\" data-widget_type=\"text-editor.default\">\n\t\t\t\t<div class=\"elementor-widget-container\">\n\t\t\t\t\t\t\t\t\t<p>\u00a0For information and permits:<\/p>\t\t\t\t\t\t\t\t<\/div>\n\t\t\t\t<\/div>\n\t\t\t\t<div class=\"elementor-element elementor-element-87f29ac elementor-icon-list--layout-traditional elementor-list-item-link-full_width elementor-widget elementor-widget-icon-list\" data-id=\"87f29ac\" data-element_type=\"widget\" data-e-type=\"widget\" data-widget_type=\"icon-list.default\">\n\t\t\t\t<div class=\"elementor-widget-container\">\n\t\t\t\t\t\t\t<ul class=\"elementor-icon-list-items\">\n\t\t\t\t\t\t\t<li class=\"elementor-icon-list-item\">\n\t\t\t\t\t\t\t\t\t\t\t<a href=\"tel:38531607006\">\n\n\t\t\t\t\t\t\t\t\t\t\t\t<span class=\"elementor-icon-list-icon\">\n\t\t\t\t\t\t\t<svg aria-hidden=\"true\" class=\"e-font-icon-svg e-fas-phone-alt\" viewbox=\"0 0 512 512\" xmlns=\"http:\/\/www.w3.org\/2000\/svg\"><path d=\"M497.39 361.8l-112-48a24 24 0 0 0-28 6.9l-49.6 60.6A370.66 370.66 0 0 1 130.6 204.11l60.6-49.6a23.94 23.94 0 0 0 6.9-28l-48-112A24.16 24.16 0 0 0 122.6.61l-104 24A24 24 0 0 0 0 48c0 256.5 207.9 464 464 464a24 24 0 0 0 23.4-18.6l24-104a24.29 24.29 0 0 0-14.01-27.6z\"><\/path><\/svg>\t\t\t\t\t\t<\/span>\n\t\t\t\t\t\t\t\t\t\t<span class=\"elementor-icon-list-text\"> <b>+385 31 607 006<\/b><\/span>\n\t\t\t\t\t\t\t\t\t\t\t<\/a>\n\t\t\t\t\t\t\t\t\t<\/li>\n\t\t\t\t\t\t\t\t<li class=\"elementor-icon-list-item\">\n\t\t\t\t\t\t\t\t\t\t\t<a href=\"mailto:info@nasicki-ribnjaci.hr\">\n\n\t\t\t\t\t\t\t\t\t\t\t\t<span class=\"elementor-icon-list-icon\">\n\t\t\t\t\t\t\t<svg aria-hidden=\"true\" class=\"e-font-icon-svg e-fas-mail-bulk\" viewbox=\"0 0 576 512\" xmlns=\"http:\/\/www.w3.org\/2000\/svg\"><path d=\"M160 448c-25.6 0-51.2-22.4-64-32-64-44.8-83.2-60.8-96-70.4V480c0 17.67 14.33 32 32 32h256c17.67 0 32-14.33 32-32V345.6c-12.8 9.6-32 25.6-96 70.4-12.8 9.6-38.4 32-64 32zm128-192H32c-17.67 0-32 14.33-32 32v16c25.6 19.2 22.4 19.2 115.2 86.4 9.6 6.4 28.8 25.6 44.8 25.6s35.2-19.2 44.8-22.4c92.8-67.2 89.6-67.2 115.2-86.4V288c0-17.67-14.33-32-32-32zm256-96H224c-17.67 0-32 14.33-32 32v32h96c33.21 0 60.59 25.42 63.71 57.82l.29-.22V416h192c17.67 0 32-14.33 32-32V192c0-17.67-14.33-32-32-32zm-32 128h-64v-64h64v64zm-352-96c0-35.29 28.71-64 64-64h224V32c0-17.67-14.33-32-32-32H96C78.33 0 64 14.33 64 32v192h96v-32z\"><\/path><\/svg>\t\t\t\t\t\t<\/span>\n\t\t\t\t\t\t\t\t\t\t<span class=\"elementor-icon-list-text\"><b>info@nasicki-ribnjaci.hr<\/b><\/span>\n\t\t\t\t\t\t\t\t\t\t\t<\/a>\n\t\t\t\t\t\t\t\t\t<\/li>\n\t\t\t\t\t\t<\/ul>\n\t\t\t\t\t\t<\/div>\n\t\t\t\t<\/div>\n\t\t\t\t\t<\/div>\n\t\t\t\t<\/div>\n\t\t\t\t<\/div>","protected":false},"excerpt":{"rendered":"<p>Ribolov i lov Sportski ribolov Do\u017eivite vrhunski sportski ribolov na jednom od najve\u0107ih ribolovnih podru\u010dja u Hrvatskoj \u2013 jezerima \u0160andor (70 ha) i Petar (30 ha), s ukupnom povr\u0161inom od 100 hektara. Smje\u0161tena u netaknutoj prirodi, ova jezera pru\u017eaju idealan ambijent za ribolovce svih razina iskustva, a u neposrednoj blizini nalaze se restoran i pansion, [&hellip;]<\/p>","protected":false},"author":1,"featured_media":0,"parent":0,"menu_order":0,"comment_status":"closed","ping_status":"closed","template":"elementor_header_footer","meta":{"footnotes":""},"class_list":["post-1715","page","type-page","status-publish","hentry"],"blocksy_meta":[],"yoast_head":"<!-- This site is optimized with the Yoast SEO plugin v27.4 - https:\/\/yoast.com\/product\/yoast-seo-wordpress\/ -->\n<title>Ribolov - Restoran Ribnjak Na\u0161ice | tradicija od 1905<\/title>\n<meta name=\"description\" content=\"Sportski sadr\u017eaji u prirodi: ribolov, lov i tereni za natjecanja i rekreaciju, pru\u017eaju\u0107i jedinstven do\u017eivljaj i odmor za posjetitelje.\" \/>\n<meta name=\"robots\" content=\"index, follow, max-snippet:-1, max-image-preview:large, max-video-preview:-1\" \/>\n<link rel=\"canonical\" href=\"https:\/\/nasicki-ribnjaci.hr\/en\/sportska-ponuda\/\" \/>\n<meta property=\"og:locale\" content=\"en_GB\" \/>\n<meta property=\"og:type\" content=\"article\" \/>\n<meta property=\"og:title\" content=\"Ribolov - Restoran Ribnjak Na\u0161ice | tradicija od 1905\" \/>\n<meta property=\"og:description\" content=\"Sportski sadr\u017eaji u prirodi: ribolov, lov i tereni za natjecanja i rekreaciju, pru\u017eaju\u0107i jedinstven do\u017eivljaj i odmor za posjetitelje.\" \/>\n<meta property=\"og:url\" content=\"https:\/\/nasicki-ribnjaci.hr\/en\/sportska-ponuda\/\" \/>\n<meta property=\"og:site_name\" content=\"Restoran Ribnjak Na\u0161ice | tradicija od 1905\" \/>\n<meta property=\"article:publisher\" content=\"https:\/\/www.facebook.com\/pages\/Restoran-Ribnjak\/335951336482394\" \/>\n<meta property=\"article:modified_time\" content=\"2025-04-21T08:50:51+00:00\" \/>\n<meta name=\"twitter:card\" content=\"summary_large_image\" \/>\n<meta name=\"twitter:label1\" content=\"Estimated reading time\" \/>\n\t<meta name=\"twitter:data1\" content=\"3 minutes\" \/>\n<script type=\"application\/ld+json\" class=\"yoast-schema-graph\">{\"@context\":\"https:\\\/\\\/schema.org\",\"@graph\":[{\"@type\":\"WebPage\",\"@id\":\"https:\\\/\\\/nasicki-ribnjaci.hr\\\/sportska-ponuda\\\/\",\"url\":\"https:\\\/\\\/nasicki-ribnjaci.hr\\\/sportska-ponuda\\\/\",\"name\":\"Ribolov - Restoran Ribnjak Na\u0161ice | tradicija od 1905\",\"isPartOf\":{\"@id\":\"https:\\\/\\\/nasicki-ribnjaci.hr\\\/#website\"},\"datePublished\":\"2024-03-06T09:07:11+00:00\",\"dateModified\":\"2025-04-21T08:50:51+00:00\",\"description\":\"Sportski sadr\u017eaji u prirodi: ribolov, lov i tereni za natjecanja i rekreaciju, pru\u017eaju\u0107i jedinstven do\u017eivljaj i odmor za posjetitelje.\",\"breadcrumb\":{\"@id\":\"https:\\\/\\\/nasicki-ribnjaci.hr\\\/sportska-ponuda\\\/#breadcrumb\"},\"inLanguage\":\"en-GB\",\"potentialAction\":[{\"@type\":\"ReadAction\",\"target\":[\"https:\\\/\\\/nasicki-ribnjaci.hr\\\/sportska-ponuda\\\/\"]}]},{\"@type\":\"BreadcrumbList\",\"@id\":\"https:\\\/\\\/nasicki-ribnjaci.hr\\\/sportska-ponuda\\\/#breadcrumb\",\"itemListElement\":[{\"@type\":\"ListItem\",\"position\":1,\"name\":\"Po\u010detna stranica\",\"item\":\"https:\\\/\\\/nasicki-ribnjaci.hr\\\/\"},{\"@type\":\"ListItem\",\"position\":2,\"name\":\"Ribolov\"}]},{\"@type\":\"WebSite\",\"@id\":\"https:\\\/\\\/nasicki-ribnjaci.hr\\\/#website\",\"url\":\"https:\\\/\\\/nasicki-ribnjaci.hr\\\/\",\"name\":\"Restoran Ribnjak Na\u0161ice | tradicija od 1905\",\"description\":\"Pripremamo razne riblje i mesne slavonske specijalitete\",\"publisher\":{\"@id\":\"https:\\\/\\\/nasicki-ribnjaci.hr\\\/#organization\"},\"potentialAction\":[{\"@type\":\"SearchAction\",\"target\":{\"@type\":\"EntryPoint\",\"urlTemplate\":\"https:\\\/\\\/nasicki-ribnjaci.hr\\\/?s={search_term_string}\"},\"query-input\":{\"@type\":\"PropertyValueSpecification\",\"valueRequired\":true,\"valueName\":\"search_term_string\"}}],\"inLanguage\":\"en-GB\"},{\"@type\":\"Organization\",\"@id\":\"https:\\\/\\\/nasicki-ribnjaci.hr\\\/#organization\",\"name\":\"Restoran Ribnjak Na\u0161ice\",\"url\":\"https:\\\/\\\/nasicki-ribnjaci.hr\\\/\",\"logo\":{\"@type\":\"ImageObject\",\"inLanguage\":\"en-GB\",\"@id\":\"https:\\\/\\\/nasicki-ribnjaci.hr\\\/#\\\/schema\\\/logo\\\/image\\\/\",\"url\":\"https:\\\/\\\/nasicki-ribnjaci.hr\\\/wp-content\\\/uploads\\\/2024\\\/01\\\/logo-r-03.svg\",\"contentUrl\":\"https:\\\/\\\/nasicki-ribnjaci.hr\\\/wp-content\\\/uploads\\\/2024\\\/01\\\/logo-r-03.svg\",\"width\":566,\"height\":421,\"caption\":\"Restoran Ribnjak Na\u0161ice\"},\"image\":{\"@id\":\"https:\\\/\\\/nasicki-ribnjaci.hr\\\/#\\\/schema\\\/logo\\\/image\\\/\"},\"sameAs\":[\"https:\\\/\\\/www.facebook.com\\\/pages\\\/Restoran-Ribnjak\\\/335951336482394\"]}]}<\/script>\n<!-- \/ Yoast SEO plugin. -->","yoast_head_json":{"title":"Ribolov - Restoran Ribnjak Na\u0161ice | tradicija od 1905","description":"Sportski sadr\u017eaji u prirodi: ribolov, lov i tereni za natjecanja i rekreaciju, pru\u017eaju\u0107i jedinstven do\u017eivljaj i odmor za posjetitelje.","robots":{"index":"index","follow":"follow","max-snippet":"max-snippet:-1","max-image-preview":"max-image-preview:large","max-video-preview":"max-video-preview:-1"},"canonical":"https:\/\/nasicki-ribnjaci.hr\/en\/sportska-ponuda\/","og_locale":"en_GB","og_type":"article","og_title":"Ribolov - Restoran Ribnjak Na\u0161ice | tradicija od 1905","og_description":"Sportski sadr\u017eaji u prirodi: ribolov, lov i tereni za natjecanja i rekreaciju, pru\u017eaju\u0107i jedinstven do\u017eivljaj i odmor za posjetitelje.","og_url":"https:\/\/nasicki-ribnjaci.hr\/en\/sportska-ponuda\/","og_site_name":"Restoran Ribnjak Na\u0161ice | tradicija od 1905","article_publisher":"https:\/\/www.facebook.com\/pages\/Restoran-Ribnjak\/335951336482394","article_modified_time":"2025-04-21T08:50:51+00:00","twitter_card":"summary_large_image","twitter_misc":{"Estimated reading time":"3 minutes"},"schema":{"@context":"https:\/\/schema.org","@graph":[{"@type":"WebPage","@id":"https:\/\/nasicki-ribnjaci.hr\/sportska-ponuda\/","url":"https:\/\/nasicki-ribnjaci.hr\/sportska-ponuda\/","name":"Ribolov - Restoran Ribnjak Na\u0161ice | tradicija od 1905","isPartOf":{"@id":"https:\/\/nasicki-ribnjaci.hr\/#website"},"datePublished":"2024-03-06T09:07:11+00:00","dateModified":"2025-04-21T08:50:51+00:00","description":"Sportski sadr\u017eaji u prirodi: ribolov, lov i tereni za natjecanja i rekreaciju, pru\u017eaju\u0107i jedinstven do\u017eivljaj i odmor za posjetitelje.","breadcrumb":{"@id":"https:\/\/nasicki-ribnjaci.hr\/sportska-ponuda\/#breadcrumb"},"inLanguage":"en-GB","potentialAction":[{"@type":"ReadAction","target":["https:\/\/nasicki-ribnjaci.hr\/sportska-ponuda\/"]}]},{"@type":"BreadcrumbList","@id":"https:\/\/nasicki-ribnjaci.hr\/sportska-ponuda\/#breadcrumb","itemListElement":[{"@type":"ListItem","position":1,"name":"Po\u010detna stranica","item":"https:\/\/nasicki-ribnjaci.hr\/"},{"@type":"ListItem","position":2,"name":"Ribolov"}]},{"@type":"WebSite","@id":"https:\/\/nasicki-ribnjaci.hr\/#website","url":"https:\/\/nasicki-ribnjaci.hr\/","name":"Restoran Ribnjak Na\u0161ice | tradicija od 1905","description":"Pripremamo razne riblje i mesne slavonske specijalitete","publisher":{"@id":"https:\/\/nasicki-ribnjaci.hr\/#organization"},"potentialAction":[{"@type":"SearchAction","target":{"@type":"EntryPoint","urlTemplate":"https:\/\/nasicki-ribnjaci.hr\/?s={search_term_string}"},"query-input":{"@type":"PropertyValueSpecification","valueRequired":true,"valueName":"search_term_string"}}],"inLanguage":"en-GB"},{"@type":"Organization","@id":"https:\/\/nasicki-ribnjaci.hr\/#organization","name":"Restoran Ribnjak Na\u0161ice","url":"https:\/\/nasicki-ribnjaci.hr\/","logo":{"@type":"ImageObject","inLanguage":"en-GB","@id":"https:\/\/nasicki-ribnjaci.hr\/#\/schema\/logo\/image\/","url":"https:\/\/nasicki-ribnjaci.hr\/wp-content\/uploads\/2024\/01\/logo-r-03.svg","contentUrl":"https:\/\/nasicki-ribnjaci.hr\/wp-content\/uploads\/2024\/01\/logo-r-03.svg","width":566,"height":421,"caption":"Restoran Ribnjak Na\u0161ice"},"image":{"@id":"https:\/\/nasicki-ribnjaci.hr\/#\/schema\/logo\/image\/"},"sameAs":["https:\/\/www.facebook.com\/pages\/Restoran-Ribnjak\/335951336482394"]}]}},"_links":{"self":[{"href":"https:\/\/nasicki-ribnjaci.hr\/en\/wp-json\/wp\/v2\/pages\/1715","targetHints":{"allow":["GET"]}}],"collection":[{"href":"https:\/\/nasicki-ribnjaci.hr\/en\/wp-json\/wp\/v2\/pages"}],"about":[{"href":"https:\/\/nasicki-ribnjaci.hr\/en\/wp-json\/wp\/v2\/types\/page"}],"author":[{"embeddable":true,"href":"https:\/\/nasicki-ribnjaci.hr\/en\/wp-json\/wp\/v2\/users\/1"}],"replies":[{"embeddable":true,"href":"https:\/\/nasicki-ribnjaci.hr\/en\/wp-json\/wp\/v2\/comments?post=1715"}],"version-history":[{"count":50,"href":"https:\/\/nasicki-ribnjaci.hr\/en\/wp-json\/wp\/v2\/pages\/1715\/revisions"}],"predecessor-version":[{"id":2211,"href":"https:\/\/nasicki-ribnjaci.hr\/en\/wp-json\/wp\/v2\/pages\/1715\/revisions\/2211"}],"wp:attachment":[{"href":"https:\/\/nasicki-ribnjaci.hr\/en\/wp-json\/wp\/v2\/media?parent=1715"}],"curies":[{"name":"wp","href":"https:\/\/api.w.org\/{rel}","templated":true}]}}